{"id":11368,"date":"2020-02-04T06:07:33","date_gmt":"2020-02-04T04:07:33","guid":{"rendered":"https:\/\/yoohootours.fi\/?page_id=11368"},"modified":"2020-02-24T06:24:03","modified_gmt":"2020-02-24T04:24:03","slug":"tietosuojaseloste","status":"publish","type":"page","link":"https:\/\/yoohootours.fi\/fi\/tietosuojaseloste\/","title":{"rendered":"TIETOSUOJASELOSTE"},"content":{"rendered":"<h2 class=\"wp-block-heading\">KEIT\u00c4 OLEMME<\/h2>\n\n\n\n<p>Verkkosivustomme osoite on: https:\/\/www.yoohootours.fi.<\/p>\n\n\n\n<h2 class=\"wp-block-heading\">MIT\u00c4 HENKIL\u00d6TIETOA KER\u00c4\u00c4MME JA MIKSI<\/h2>\n\n\n\n<h3 class=\"wp-block-heading\">KOMMENTIT<\/h3>\n\n\n\n<p>Kun sivuston k\u00e4ytt\u00e4j\u00e4t j\u00e4tt\u00e4v\u00e4t kommentteja sivustolle, ker\u00e4\u00e4mme kommenttilomakkeessa olevat tiedot, sek\u00e4 k\u00e4ytt\u00e4j\u00e4n IP-osoitteen ja selaimen versiotiedot roskaviestien tunnistamisen helpottamiseksi.<\/p>\n\n\n\n<p>Kun vierailijat j\u00e4tt\u00e4v\u00e4t kommentin t\u00e4lle sivustolle ker\u00e4\u00e4mme tiedon, joka on n\u00e4kyviss\u00e4 kommentointikentiss\u00e4, IP-osoitteen sek\u00e4 selaimen versioon liittyv\u00e4t tiedot. S\u00e4hk\u00f6postiosoitteesta luotu anonymisoitu hajautustieto (hash) voidaan l\u00e4hett\u00e4\u00e4 Gravatar-palveluun, jotta tiedet\u00e4\u00e4n onko kommentoija palvelun k\u00e4ytt\u00e4j\u00e4. Gravatar-palvelun tietosuojaseloste l\u00f6ytyy osoitteesta https:\/\/automattic.com\/privacy\/.<\/p>\n\n\n\n<h3 class=\"wp-block-heading\">MEDIA<\/h3>\n\n\n\n<p>Mik\u00e4li lataat kuvia t\u00e4lle sivustolle, sinun tulee v\u00e4ltt\u00e4\u00e4 sellaisten kuvien lataamista, joissa on tallennettu paikkatieto (EXIF GPS). Sivuston vierailijat voivat ladata ja katsoa paikkatietoa kuvista, joita sivustolla on.<\/p>\n\n\n\n<h3 class=\"wp-block-heading\">EV\u00c4STEET<\/h3>\n\n\n\n<p>Jos j\u00e4t\u00e4t kommentin sivustolle, voit valita nimen, s\u00e4hk\u00f6postiosoitteen ja url-osoitteen tallennuksen ev\u00e4steeseen. T\u00e4m\u00e4 toiminto lis\u00e4\u00e4 k\u00e4ytt\u00f6mukavuutta, koska lomaketta ei tarvitse t\u00e4ytt\u00e4\u00e4 jokaisella kerralla uudelleen kommenttia lis\u00e4tess\u00e4. Ev\u00e4stetieto poistetaan selaimesta vuoden kuluttua.<\/p>\n\n\n\n<p>Mik\u00e4li sinulla on tili ja kirjaudut sivustolle, asetamme v\u00e4liaikaisen ev\u00e4steen, joka p\u00e4\u00e4ttelee tukeeko selaimesi ev\u00e4steit\u00e4 vai ei. T\u00e4m\u00e4 ev\u00e4ste ei sis\u00e4ll\u00e4 henkil\u00f6tietoa ja se poistetaan kun selainikkuna suljetaan.<\/p>\n\n\n\n<p>Kun kirjaudut sis\u00e4\u00e4n, asetamme useita ev\u00e4steit\u00e4, jotka tallentavat kirjautumis- sek\u00e4 n\u00e4ytt\u00f6asetuksesi. Kirjautumisev\u00e4steet poistetaan kahden vuorokauden kuluessa, n\u00e4ytt\u00f6asetuksiin liittyv\u00e4t ev\u00e4steet poistuvat vuoden p\u00e4\u00e4st\u00e4. Mik\u00e4li valitset \u201cMuista minut\u201d kirjautumisen yhteydess\u00e4, kirjautumistietojasi s\u00e4ilytet\u00e4\u00e4n kahden viikon ajan. Mik\u00e4li kirjaudut ulos, kirjautumiseen liittyv\u00e4t ev\u00e4steet poistetaan samassa yhteydess\u00e4.<\/p>\n\n\n\n<p>Mik\u00e4li julkaiset artikkelin tai muokkaat olemassa olevaa, tallennamme selaimeen ev\u00e4steen, joka sis\u00e4lt\u00e4\u00e4 muokattavan artikkelin ID:n. Ev\u00e4ste vanhenee yhdess\u00e4 vuorokaudessa.<\/p>\n\n\n\n<h3 class=\"wp-block-heading\">MUILTA SIVUSTOILTA UPOTETTU SIS\u00c4LT\u00d6<\/h3>\n\n\n\n<p>T\u00e4m\u00e4n sivuston artikkelit voivat sis\u00e4lt\u00e4\u00e4 upotettua sis\u00e4lt\u00f6\u00e4 (esimerkiksi videoita, kuvia, artikkeleita jne.). Toisilta sivustoilta tuodun upotetun sis\u00e4ll\u00f6n avaaminen on verrattavissa siihen, ett\u00e4 vierailija itse k\u00e4visi kolmannen osapuolen sivustolla.<\/p>\n\n\n\n<p>N\u00e4m\u00e4 sivustot voivat ker\u00e4t\u00e4 tietoa sinusta, k\u00e4ytt\u00e4\u00e4 ev\u00e4steit\u00e4, upottaa kolmannen osapuolen seurantaev\u00e4steit\u00e4 ja monitoroida vuorovaikutustasi upotetun sis\u00e4ll\u00f6n kanssa, mukaan lukien vuorovaikutuksen seuranta jos ja kun olet kirjautunut k\u00e4ytt\u00e4j\u00e4n\u00e4 sivustolle.<\/p>\n\n\n\n<h3 class=\"wp-block-heading\">ANALYTIIKKA<\/h3>\n\n\n\n<p>Sivustollamme on k\u00e4yt\u00f6ss\u00e4 Google Ads laajennus ja Facebook Ads pikseli, jonka tarkoituksena on seurata sivuston k\u00e4yntej\u00e4 ja konversioita.<\/p>\n\n\n\n<h2 class=\"wp-block-heading\">KENELLE JAAMME TIETOSI<\/h2>\n\n\n\n<p>Tiedot pysyv\u00e4t ainoastaan Yoo-Hoo! Toursin henkil\u00f6st\u00f6ll\u00e4.<\/p>\n\n\n\n<h2 class=\"wp-block-heading\">KUINKA KAUAN S\u00c4ILYT\u00c4MME TIETOA<\/h2>\n\n\n\n<p>Mik\u00e4li j\u00e4t\u00e4t kommentin, kommenttia ja sen metatietoa s\u00e4ilytet\u00e4\u00e4n toistaiseksi. T\u00e4m\u00e4 tehd\u00e4\u00e4n siksi, ett\u00e4 voimme tunnistaa ja hyv\u00e4ksy\u00e4 seuraavat kommentit automaattisesti sen sijaan, ett\u00e4 s\u00e4ilytt\u00e4isimme ne moderointijonossa.<\/p>\n\n\n\n<p>Tallennamme rekister\u00f6ityneiden k\u00e4ytt\u00e4jien (jos sellaisia on) k\u00e4ytt\u00e4j\u00e4profiilien tiedot. Kaikilla k\u00e4ytt\u00e4jill\u00e4 on mahdollisuus n\u00e4hd\u00e4, muokata ja poistaa omia henkil\u00f6tietojaan milloin vain. Ainoastaan k\u00e4ytt\u00e4j\u00e4nime\u00e4 ei voi muuttaa. Verkkosivuston yll\u00e4pit\u00e4j\u00e4t voivat n\u00e4hd\u00e4 ja muokata k\u00e4ytt\u00e4j\u00e4profiilien tietoja.<\/p>\n\n\n\n<h2 class=\"wp-block-heading\">MIT\u00c4 OIKEUKSIA SINULLA ON OMAAN TIETOOSI<\/h2>\n\n\n\n<p>Mik\u00e4li sinulla on k\u00e4ytt\u00e4j\u00e4tili t\u00e4lle sivustolle tai olet j\u00e4tt\u00e4nyt kommentteja, voit pyyt\u00e4\u00e4 koostetiedostoa omista henkil\u00f6tiedoistasi, sis\u00e4lt\u00e4en kaiken henkil\u00f6tiedon, jonka olet meille antanut. Voit my\u00f6s pyyt\u00e4\u00e4 henkil\u00f6tietojesi poistoa. Oikeus omien tietojen poistoon ei koske sellaista henkil\u00f6tietoa, joka meid\u00e4n on s\u00e4ilytett\u00e4v\u00e4 yll\u00e4pidollisista, juridisista tai tietoturvaan liittyvist\u00e4 syist\u00e4.<\/p>\n\n\n\n<h2 class=\"wp-block-heading\">MINNE L\u00c4HET\u00c4MME TIETOSI<\/h2>\n\n\n\n<p>Vierailijoiden kommentteja saatetaan tarkistaa automatisoidun roskapostiestopalvelun kautta.<\/p>\n\n\n\n<h2 class=\"wp-block-heading\">LIS\u00c4TIEDOT<\/h2>\n\n\n\n<p>info@yoohootours.fi<\/p>","protected":false},"excerpt":{"rendered":"<p>WHO ARE WE The address of our website is: https:\/\/www.yoohootours.fi. WHAT PERSONAL INFORMATION WE COLLECT AND WHY COMMENTARY When users submit comments to the site, we collect the information in the comment form, along with the user&#8217;s IP address and browser version information, to help identify spam. When visitors leave a comment on this site,&#8230;<\/p>","protected":false},"author":1,"featured_media":0,"parent":0,"menu_order":0,"comment_status":"closed","ping_status":"closed","template":"","meta":{"_kad_blocks_custom_css":"","_kad_blocks_head_custom_js":"","_kad_blocks_body_custom_js":"","_kad_blocks_footer_custom_js":"","_kad_post_transparent":"","_kad_post_title":"","_kad_post_layout":"","_kad_post_sidebar_id":"","_kad_post_content_style":"unboxed","_kad_post_vertical_padding":"","_kad_post_feature":"","_kad_post_feature_position":"","_kad_post_header":false,"_kad_post_footer":false,"_kad_post_classname":"","footnotes":""},"class_list":["post-11368","page","type-page","status-publish","hentry"],"yoast_head":"<!-- This site is optimized with the Yoast SEO plugin v27.4 - https:\/\/yoast.com\/product\/yoast-seo-wordpress\/ -->\n<title>Privacy Policy | Yoo-hoo! Tours<\/title>\n<meta name=\"robots\" content=\"index, follow, max-snippet:-1, max-image-preview:large, max-video-preview:-1\" \/>\n<link rel=\"canonical\" href=\"https:\/\/yoohootours.fi\/fi\/tietosuojaseloste\/\" \/>\n<meta property=\"og:locale\" content=\"fi_FI\" \/>\n<meta property=\"og:type\" content=\"article\" \/>\n<meta property=\"og:title\" content=\"Privacy Policy | Yoo-hoo! Tours\" \/>\n<meta property=\"og:description\" content=\"WHO ARE WE The address of our website is: https:\/\/www.yoohootours.fi. WHAT PERSONAL INFORMATION WE COLLECT AND WHY COMMENTARY When users submit comments to the site, we collect the information in the comment form, along with the user&#8217;s IP address and browser version information, to help identify spam. When visitors leave a comment on this site,...\" \/>\n<meta property=\"og:url\" content=\"https:\/\/yoohootours.fi\/fi\/tietosuojaseloste\/\" \/>\n<meta property=\"og:site_name\" content=\"Yoo-hoo! Tours\" \/>\n<meta property=\"article:modified_time\" content=\"2020-02-24T04:24:03+00:00\" \/>\n<meta name=\"twitter:card\" content=\"summary_large_image\" \/>\n<meta name=\"twitter:label1\" content=\"Arvioitu lukuaika\" \/>\n\t<meta name=\"twitter:data1\" content=\"3 minuuttia\" \/>\n<script type=\"application\/ld+json\" class=\"yoast-schema-graph\">{\"@context\":\"https:\\\/\\\/schema.org\",\"@graph\":[{\"@type\":\"WebPage\",\"@id\":\"https:\\\/\\\/yoohootours.fi\\\/tietosuojaseloste\\\/\",\"url\":\"https:\\\/\\\/yoohootours.fi\\\/tietosuojaseloste\\\/\",\"name\":\"Privacy Policy | Yoo-hoo! Tours\",\"isPartOf\":{\"@id\":\"https:\\\/\\\/yoohootours.fi\\\/#website\"},\"datePublished\":\"2020-02-04T04:07:33+00:00\",\"dateModified\":\"2020-02-24T04:24:03+00:00\",\"breadcrumb\":{\"@id\":\"https:\\\/\\\/yoohootours.fi\\\/tietosuojaseloste\\\/#breadcrumb\"},\"inLanguage\":\"fi\",\"potentialAction\":[{\"@type\":\"ReadAction\",\"target\":[\"https:\\\/\\\/yoohootours.fi\\\/tietosuojaseloste\\\/\"]}]},{\"@type\":\"BreadcrumbList\",\"@id\":\"https:\\\/\\\/yoohootours.fi\\\/tietosuojaseloste\\\/#breadcrumb\",\"itemListElement\":[{\"@type\":\"ListItem\",\"position\":1,\"name\":\"Home\",\"item\":\"https:\\\/\\\/yoohootours.fi\\\/\"},{\"@type\":\"ListItem\",\"position\":2,\"name\":\"Privacy Policy\"}]},{\"@type\":\"WebSite\",\"@id\":\"https:\\\/\\\/yoohootours.fi\\\/#website\",\"url\":\"https:\\\/\\\/yoohootours.fi\\\/\",\"name\":\"Yoo-hoo! Tours\",\"description\":\"Guided tours in Helsinki Private Tours in Helsinki\",\"publisher\":{\"@id\":\"https:\\\/\\\/yoohootours.fi\\\/#organization\"},\"potentialAction\":[{\"@type\":\"SearchAction\",\"target\":{\"@type\":\"EntryPoint\",\"urlTemplate\":\"https:\\\/\\\/yoohootours.fi\\\/?s={search_term_string}\"},\"query-input\":{\"@type\":\"PropertyValueSpecification\",\"valueRequired\":true,\"valueName\":\"search_term_string\"}}],\"inLanguage\":\"fi\"},{\"@type\":\"Organization\",\"@id\":\"https:\\\/\\\/yoohootours.fi\\\/#organization\",\"name\":\"Yoo-hoo! Tours\",\"url\":\"https:\\\/\\\/yoohootours.fi\\\/\",\"logo\":{\"@type\":\"ImageObject\",\"inLanguage\":\"fi\",\"@id\":\"https:\\\/\\\/yoohootours.fi\\\/#\\\/schema\\\/logo\\\/image\\\/\",\"url\":\"https:\\\/\\\/yoohootours.fi\\\/wp-content\\\/uploads\\\/2020\\\/01\\\/yoohootours.png\",\"contentUrl\":\"https:\\\/\\\/yoohootours.fi\\\/wp-content\\\/uploads\\\/2020\\\/01\\\/yoohootours.png\",\"width\":662,\"height\":432,\"caption\":\"Yoo-hoo! Tours\"},\"image\":{\"@id\":\"https:\\\/\\\/yoohootours.fi\\\/#\\\/schema\\\/logo\\\/image\\\/\"}}]}<\/script>\n<!-- \/ Yoast SEO plugin. -->","yoast_head_json":{"title":"Privacy Policy | Yoo-hoo! Tours","robots":{"index":"index","follow":"follow","max-snippet":"max-snippet:-1","max-image-preview":"max-image-preview:large","max-video-preview":"max-video-preview:-1"},"canonical":"https:\/\/yoohootours.fi\/fi\/tietosuojaseloste\/","og_locale":"fi_FI","og_type":"article","og_title":"Privacy Policy | Yoo-hoo! Tours","og_description":"WHO ARE WE The address of our website is: https:\/\/www.yoohootours.fi. WHAT PERSONAL INFORMATION WE COLLECT AND WHY COMMENTARY When users submit comments to the site, we collect the information in the comment form, along with the user&#8217;s IP address and browser version information, to help identify spam. When visitors leave a comment on this site,...","og_url":"https:\/\/yoohootours.fi\/fi\/tietosuojaseloste\/","og_site_name":"Yoo-hoo! Tours","article_modified_time":"2020-02-24T04:24:03+00:00","twitter_card":"summary_large_image","twitter_misc":{"Arvioitu lukuaika":"3 minuuttia"},"schema":{"@context":"https:\/\/schema.org","@graph":[{"@type":"WebPage","@id":"https:\/\/yoohootours.fi\/tietosuojaseloste\/","url":"https:\/\/yoohootours.fi\/tietosuojaseloste\/","name":"Privacy Policy | Yoo-hoo! Tours","isPartOf":{"@id":"https:\/\/yoohootours.fi\/#website"},"datePublished":"2020-02-04T04:07:33+00:00","dateModified":"2020-02-24T04:24:03+00:00","breadcrumb":{"@id":"https:\/\/yoohootours.fi\/tietosuojaseloste\/#breadcrumb"},"inLanguage":"fi","potentialAction":[{"@type":"ReadAction","target":["https:\/\/yoohootours.fi\/tietosuojaseloste\/"]}]},{"@type":"BreadcrumbList","@id":"https:\/\/yoohootours.fi\/tietosuojaseloste\/#breadcrumb","itemListElement":[{"@type":"ListItem","position":1,"name":"Home","item":"https:\/\/yoohootours.fi\/"},{"@type":"ListItem","position":2,"name":"Privacy Policy"}]},{"@type":"WebSite","@id":"https:\/\/yoohootours.fi\/#website","url":"https:\/\/yoohootours.fi\/","name":"Yoo-hoo! Tours","description":"Guided tours in Helsinki Private Tours in Helsinki","publisher":{"@id":"https:\/\/yoohootours.fi\/#organization"},"potentialAction":[{"@type":"SearchAction","target":{"@type":"EntryPoint","urlTemplate":"https:\/\/yoohootours.fi\/?s={search_term_string}"},"query-input":{"@type":"PropertyValueSpecification","valueRequired":true,"valueName":"search_term_string"}}],"inLanguage":"fi"},{"@type":"Organization","@id":"https:\/\/yoohootours.fi\/#organization","name":"Yoo-hoo! Tours","url":"https:\/\/yoohootours.fi\/","logo":{"@type":"ImageObject","inLanguage":"fi","@id":"https:\/\/yoohootours.fi\/#\/schema\/logo\/image\/","url":"https:\/\/yoohootours.fi\/wp-content\/uploads\/2020\/01\/yoohootours.png","contentUrl":"https:\/\/yoohootours.fi\/wp-content\/uploads\/2020\/01\/yoohootours.png","width":662,"height":432,"caption":"Yoo-hoo! Tours"},"image":{"@id":"https:\/\/yoohootours.fi\/#\/schema\/logo\/image\/"}}]}},"taxonomy_info":[],"featured_image_src_large":false,"author_info":{"display_name":"yoohoo","author_link":"https:\/\/yoohootours.fi\/fi\/author\/yoohoo\/"},"comment_info":0,"_links":{"self":[{"href":"https:\/\/yoohootours.fi\/fi\/wp-json\/wp\/v2\/pages\/11368","targetHints":{"allow":["GET"]}}],"collection":[{"href":"https:\/\/yoohootours.fi\/fi\/wp-json\/wp\/v2\/pages"}],"about":[{"href":"https:\/\/yoohootours.fi\/fi\/wp-json\/wp\/v2\/types\/page"}],"author":[{"embeddable":true,"href":"https:\/\/yoohootours.fi\/fi\/wp-json\/wp\/v2\/users\/1"}],"replies":[{"embeddable":true,"href":"https:\/\/yoohootours.fi\/fi\/wp-json\/wp\/v2\/comments?post=11368"}],"version-history":[{"count":0,"href":"https:\/\/yoohootours.fi\/fi\/wp-json\/wp\/v2\/pages\/11368\/revisions"}],"wp:attachment":[{"href":"https:\/\/yoohootours.fi\/fi\/wp-json\/wp\/v2\/media?parent=11368"}],"curies":[{"name":"wp","href":"https:\/\/api.w.org\/{rel}","templated":true}]}}