{"id":11370,"date":"2020-02-04T06:18:49","date_gmt":"2020-02-04T04:18:49","guid":{"rendered":"https:\/\/yoohootours.fi\/?page_id=11370"},"modified":"2020-03-04T14:00:25","modified_gmt":"2020-03-04T12:00:25","slug":"toimitusehdot","status":"publish","type":"page","link":"https:\/\/yoohootours.fi\/fi\/toimitusehdot\/","title":{"rendered":"TOIMITUSEHDOT"},"content":{"rendered":"<p><\/p>\n<p>Alla on kerrottu Yoo-hoo! Toursin yleiset toimitusehdot<\/p>\n<p><\/p>\n<p>Verkkokauppa on tarkoitettu yksityishenkil\u00f6ille ja yrityksille. Tuotteiden hinnat sis\u00e4lt\u00e4v\u00e4t verot. Vero n\u00e4kyy ostoskorissa ja tilausvahvistuksessa. Yoo-hoo! Toursin pit\u00e4m\u00e4 asiakasrekisteri on luottamuksellinen. Tietoja ei luovuteta muille. Tilatessasi tilaajan on ilmoitettava nimi, osoite, s\u00e4hk\u00f6postiosoite ja puhelinnumero. Tilaus on sitova, kun tilaaja on vastaanottanut kirjallisen tilausvahvistuksen.<\/p>\n<p><\/p>\n<h2 class=\"wp-block-heading\">1 PALVELUNTARJOAJA JA VERKKOKAUPAN YLL\u00c4PIT\u00c4J\u00c4<\/h2>\n<p><\/p>\n<p><strong>Yoo-hoo! Tours<\/strong> toimii verkkokaupan yll\u00e4pit\u00e4j\u00e4n\u00e4.<\/p>\n<p><\/p>\n<p>(Service Provider) Business ID 3014752-1 Address Untuvaisenkuja 4 B 33, 00820 Helsinki<\/p>\n<p><\/p>\n<h2 class=\"wp-block-heading\">2 PALVELUN K\u00c4YTT\u00c4J\u00c4<\/h2>\n<p><\/p>\n<p>Palvelun k\u00e4ytt\u00e4j\u00e4\u00e4 kutsutaan Asiakkaaksi. Yoo-Hoo! Tours ei vaadi rekister\u00f6itymist\u00e4 palveluun. N\u00e4m\u00e4 toimitusehdot koskevat kaikkia asiakkaitamme. Asiakastietojen k\u00e4sittelyst\u00e4 on kerrottu tarkemmin <a href=\"http:\/\/www.yoohootours.fi\/tietosuojaseloste\">Tietosuojaselosteessa.<\/a><\/p>\n<p><\/p>\n<h2 class=\"wp-block-heading\">3 MAKSUT JA HINNAT<\/h2>\n<p><\/p>\n<p>Palvelun k\u00e4yt\u00f6st\u00e4 perit\u00e4\u00e4n kohtuullinen, kulloinkin voimassa oleva korvaus, joka on merkitty tuotteen yhteyteen. Huomaa, ett\u00e4 tuotteen eri versioiden hinnat voivat olla erilaiset versiosta riippuen. Palveluntarjoajalla on oikeus muuttaa hintoja vapaasti.<\/p>\n<p><\/p>\n<p>Verkkokaupassa on k\u00e4yt\u00f6ss\u00e4 Klarna Checkout, jonka avulla voit maksaa ostoksesi heti tai sinulle sopivissa osissa.<\/p>\n<p><\/p>\n<h2 class=\"wp-block-heading\">4 TOIMITUS<\/h2>\n<p><\/p>\n<p>Myymme verkkokaupassamme vain opastuspalveluita ja niihin liittyvi\u00e4 palveluita, jonka takia mit\u00e4\u00e4n fyysist\u00e4 tuotetta ei toimiteta, vaan ne tullaan kokemaan sovittuun paikkaan, joka ilmenee tilausta tehdess\u00e4\/ tilauksen j\u00e4lkeen.<\/p>\n<p><\/p>\n<h2 class=\"wp-block-heading\">5 PERUUTUS<\/h2>\n<p><\/p>\n<p>Yleis\u00f6kierroksen peruminen yli 48 tuntia ennen kierroksen alkua oikeuttaa t\u00e4yteen maksun \npalauttamiseen. Alle 48 tuntia tapahtuvassa peruutuksessa ei maksua palauteta.\u00a0<\/p>\n<p>Yksityisasiakkaalla on oikeus perua tilaus 14 vuorokauden sis\u00e4ll\u00e4 ostoksesta. Pyyd\u00e4mme, ett\u00e4 mielummin mahdollisimman nopeasti, jotta kaikki halukkaat p\u00e4\u00e4sev\u00e4t kierrokselle. Tarkemmin peruutusehdoista UKK sivuilla.<\/p>\n<p><\/p>\n<h2 class=\"wp-block-heading\">6 VIRHEVASTUU<\/h2>\n<p><\/p>\n<p>Palveluntarjoaja ei vastaa mahdollisista Palvelun, tuotteiden tai aineistojen virheellisyyksist\u00e4 tai niist\u00e4 johtuvista seurauksista. Palveluntarjoaja ei my\u00f6sk\u00e4\u00e4n vastaa mist\u00e4\u00e4n v\u00e4litt\u00f6mist\u00e4, eik\u00e4 v\u00e4lillisist\u00e4 vahingoista tai haitoista, jotka johtuvat esimerkiksi siit\u00e4, ett\u00e4 Palvelu, tuote tai aineisto ei vastaa Asiakkaan tarpeita tai tavoitteita.<\/p>\n<p><\/p>\n<p>Palveluntarjoaja ei vastaa sellaisesta virheest\u00e4, joka aiheutuu tietokoneohjelmiston puutteista tai tavasta k\u00e4sitell\u00e4 tuotteita, aineistoa tai Palvelua.<\/p>\n<p><\/p>\n<p>Palveluntarjoajan vastuu tehdyst\u00e4 tilauksesta rajoittuu aina sopimuksen purkamiseen ja mahdollisesti etuk\u00e4teen maksettujen suoritusten palauttamiseen.<\/p>\n<p><\/p>\n<h2 class=\"wp-block-heading\">7 MUUTOKSET<\/h2>\n<p><\/p>\n<p>Palveluntarjoajalla on oikeus muuttaa n\u00e4it\u00e4 ehtoja yksipuolisesti. K\u00e4ytt\u00e4j\u00e4 hyv\u00e4ksyy palvelun kulloinkin voimassaolevat ehdot k\u00e4ytt\u00e4ess\u00e4\u00e4n palvelua.<\/p>\n<p><\/p>\n<p>Lis\u00e4tietoja: info@yoohootours.fi<\/p>\n<p><\/p>\n<h2 class=\"wp-block-heading\">USEIN KYSYTYT KYSYMYKSET<\/h2>\n<p><\/p>\n<p><a href=\"https:\/\/yoohootours.fi\/faq\/\">L\u00f6yd\u00e4 vastauksia useimpiin askarruttaviin kysymyksiin t\u00e4st\u00e4 linkist\u00e4!<\/a><\/p>\n<p><\/p>","protected":false},"excerpt":{"rendered":"<p>These general terms of delivery include the terms and conditions of yoohootours.fi E-commerce is for individuals and businesses. Product prices are tax inclusive. The tax item is shown in the shopping cart and order confirmation. The customer register kept by Yoo-hoo! Tours is confidential. Information will not be passed on to others. When ordering, the&#8230;<\/p>","protected":false},"author":1,"featured_media":0,"parent":0,"menu_order":0,"comment_status":"closed","ping_status":"closed","template":"","meta":{"_kad_blocks_custom_css":"","_kad_blocks_head_custom_js":"","_kad_blocks_body_custom_js":"","_kad_blocks_footer_custom_js":"","_kad_post_transparent":"","_kad_post_title":"","_kad_post_layout":"","_kad_post_sidebar_id":"","_kad_post_content_style":"unboxed","_kad_post_vertical_padding":"","_kad_post_feature":"","_kad_post_feature_position":"","_kad_post_header":false,"_kad_post_footer":false,"_kad_post_classname":"","footnotes":""},"class_list":["post-11370","page","type-page","status-publish","hentry"],"yoast_head":"<!-- This site is optimized with the Yoast SEO plugin v27.4 - https:\/\/yoast.com\/product\/yoast-seo-wordpress\/ -->\n<title>Terms of use | Yoo-hoo! Tours<\/title>\n<meta name=\"robots\" content=\"index, follow, max-snippet:-1, max-image-preview:large, max-video-preview:-1\" \/>\n<link rel=\"canonical\" href=\"https:\/\/yoohootours.fi\/fi\/toimitusehdot\/\" \/>\n<meta property=\"og:locale\" content=\"fi_FI\" \/>\n<meta property=\"og:type\" content=\"article\" \/>\n<meta property=\"og:title\" content=\"Terms of use | Yoo-hoo! Tours\" \/>\n<meta property=\"og:description\" content=\"These general terms of delivery include the terms and conditions of yoohootours.fi E-commerce is for individuals and businesses. Product prices are tax inclusive. The tax item is shown in the shopping cart and order confirmation. The customer register kept by Yoo-hoo! Tours is confidential. Information will not be passed on to others. When ordering, the...\" \/>\n<meta property=\"og:url\" content=\"https:\/\/yoohootours.fi\/fi\/toimitusehdot\/\" \/>\n<meta property=\"og:site_name\" content=\"Yoo-hoo! Tours\" \/>\n<meta property=\"article:modified_time\" content=\"2020-03-04T12:00:25+00:00\" \/>\n<meta name=\"twitter:card\" content=\"summary_large_image\" \/>\n<meta name=\"twitter:label1\" content=\"Arvioitu lukuaika\" \/>\n\t<meta name=\"twitter:data1\" content=\"2 minuuttia\" \/>\n<script type=\"application\/ld+json\" class=\"yoast-schema-graph\">{\"@context\":\"https:\\\/\\\/schema.org\",\"@graph\":[{\"@type\":\"WebPage\",\"@id\":\"https:\\\/\\\/yoohootours.fi\\\/toimitusehdot\\\/\",\"url\":\"https:\\\/\\\/yoohootours.fi\\\/toimitusehdot\\\/\",\"name\":\"Terms of use | Yoo-hoo! Tours\",\"isPartOf\":{\"@id\":\"https:\\\/\\\/yoohootours.fi\\\/#website\"},\"datePublished\":\"2020-02-04T04:18:49+00:00\",\"dateModified\":\"2020-03-04T12:00:25+00:00\",\"breadcrumb\":{\"@id\":\"https:\\\/\\\/yoohootours.fi\\\/toimitusehdot\\\/#breadcrumb\"},\"inLanguage\":\"fi\",\"potentialAction\":[{\"@type\":\"ReadAction\",\"target\":[\"https:\\\/\\\/yoohootours.fi\\\/toimitusehdot\\\/\"]}]},{\"@type\":\"BreadcrumbList\",\"@id\":\"https:\\\/\\\/yoohootours.fi\\\/toimitusehdot\\\/#breadcrumb\",\"itemListElement\":[{\"@type\":\"ListItem\",\"position\":1,\"name\":\"Home\",\"item\":\"https:\\\/\\\/yoohootours.fi\\\/\"},{\"@type\":\"ListItem\",\"position\":2,\"name\":\"Terms of use\"}]},{\"@type\":\"WebSite\",\"@id\":\"https:\\\/\\\/yoohootours.fi\\\/#website\",\"url\":\"https:\\\/\\\/yoohootours.fi\\\/\",\"name\":\"Yoo-hoo! Tours\",\"description\":\"Guided tours in Helsinki Private Tours in Helsinki\",\"publisher\":{\"@id\":\"https:\\\/\\\/yoohootours.fi\\\/#organization\"},\"potentialAction\":[{\"@type\":\"SearchAction\",\"target\":{\"@type\":\"EntryPoint\",\"urlTemplate\":\"https:\\\/\\\/yoohootours.fi\\\/?s={search_term_string}\"},\"query-input\":{\"@type\":\"PropertyValueSpecification\",\"valueRequired\":true,\"valueName\":\"search_term_string\"}}],\"inLanguage\":\"fi\"},{\"@type\":\"Organization\",\"@id\":\"https:\\\/\\\/yoohootours.fi\\\/#organization\",\"name\":\"Yoo-hoo! Tours\",\"url\":\"https:\\\/\\\/yoohootours.fi\\\/\",\"logo\":{\"@type\":\"ImageObject\",\"inLanguage\":\"fi\",\"@id\":\"https:\\\/\\\/yoohootours.fi\\\/#\\\/schema\\\/logo\\\/image\\\/\",\"url\":\"https:\\\/\\\/yoohootours.fi\\\/wp-content\\\/uploads\\\/2020\\\/01\\\/yoohootours.png\",\"contentUrl\":\"https:\\\/\\\/yoohootours.fi\\\/wp-content\\\/uploads\\\/2020\\\/01\\\/yoohootours.png\",\"width\":662,\"height\":432,\"caption\":\"Yoo-hoo! Tours\"},\"image\":{\"@id\":\"https:\\\/\\\/yoohootours.fi\\\/#\\\/schema\\\/logo\\\/image\\\/\"}}]}<\/script>\n<!-- \/ Yoast SEO plugin. -->","yoast_head_json":{"title":"Terms of use | Yoo-hoo! Tours","robots":{"index":"index","follow":"follow","max-snippet":"max-snippet:-1","max-image-preview":"max-image-preview:large","max-video-preview":"max-video-preview:-1"},"canonical":"https:\/\/yoohootours.fi\/fi\/toimitusehdot\/","og_locale":"fi_FI","og_type":"article","og_title":"Terms of use | Yoo-hoo! Tours","og_description":"These general terms of delivery include the terms and conditions of yoohootours.fi E-commerce is for individuals and businesses. Product prices are tax inclusive. The tax item is shown in the shopping cart and order confirmation. The customer register kept by Yoo-hoo! Tours is confidential. Information will not be passed on to others. When ordering, the...","og_url":"https:\/\/yoohootours.fi\/fi\/toimitusehdot\/","og_site_name":"Yoo-hoo! Tours","article_modified_time":"2020-03-04T12:00:25+00:00","twitter_card":"summary_large_image","twitter_misc":{"Arvioitu lukuaika":"2 minuuttia"},"schema":{"@context":"https:\/\/schema.org","@graph":[{"@type":"WebPage","@id":"https:\/\/yoohootours.fi\/toimitusehdot\/","url":"https:\/\/yoohootours.fi\/toimitusehdot\/","name":"Terms of use | Yoo-hoo! Tours","isPartOf":{"@id":"https:\/\/yoohootours.fi\/#website"},"datePublished":"2020-02-04T04:18:49+00:00","dateModified":"2020-03-04T12:00:25+00:00","breadcrumb":{"@id":"https:\/\/yoohootours.fi\/toimitusehdot\/#breadcrumb"},"inLanguage":"fi","potentialAction":[{"@type":"ReadAction","target":["https:\/\/yoohootours.fi\/toimitusehdot\/"]}]},{"@type":"BreadcrumbList","@id":"https:\/\/yoohootours.fi\/toimitusehdot\/#breadcrumb","itemListElement":[{"@type":"ListItem","position":1,"name":"Home","item":"https:\/\/yoohootours.fi\/"},{"@type":"ListItem","position":2,"name":"Terms of use"}]},{"@type":"WebSite","@id":"https:\/\/yoohootours.fi\/#website","url":"https:\/\/yoohootours.fi\/","name":"Yoo-hoo! Tours","description":"Guided tours in Helsinki Private Tours in Helsinki","publisher":{"@id":"https:\/\/yoohootours.fi\/#organization"},"potentialAction":[{"@type":"SearchAction","target":{"@type":"EntryPoint","urlTemplate":"https:\/\/yoohootours.fi\/?s={search_term_string}"},"query-input":{"@type":"PropertyValueSpecification","valueRequired":true,"valueName":"search_term_string"}}],"inLanguage":"fi"},{"@type":"Organization","@id":"https:\/\/yoohootours.fi\/#organization","name":"Yoo-hoo! Tours","url":"https:\/\/yoohootours.fi\/","logo":{"@type":"ImageObject","inLanguage":"fi","@id":"https:\/\/yoohootours.fi\/#\/schema\/logo\/image\/","url":"https:\/\/yoohootours.fi\/wp-content\/uploads\/2020\/01\/yoohootours.png","contentUrl":"https:\/\/yoohootours.fi\/wp-content\/uploads\/2020\/01\/yoohootours.png","width":662,"height":432,"caption":"Yoo-hoo! Tours"},"image":{"@id":"https:\/\/yoohootours.fi\/#\/schema\/logo\/image\/"}}]}},"taxonomy_info":[],"featured_image_src_large":false,"author_info":{"display_name":"yoohoo","author_link":"https:\/\/yoohootours.fi\/fi\/author\/yoohoo\/"},"comment_info":0,"_links":{"self":[{"href":"https:\/\/yoohootours.fi\/fi\/wp-json\/wp\/v2\/pages\/11370","targetHints":{"allow":["GET"]}}],"collection":[{"href":"https:\/\/yoohootours.fi\/fi\/wp-json\/wp\/v2\/pages"}],"about":[{"href":"https:\/\/yoohootours.fi\/fi\/wp-json\/wp\/v2\/types\/page"}],"author":[{"embeddable":true,"href":"https:\/\/yoohootours.fi\/fi\/wp-json\/wp\/v2\/users\/1"}],"replies":[{"embeddable":true,"href":"https:\/\/yoohootours.fi\/fi\/wp-json\/wp\/v2\/comments?post=11370"}],"version-history":[{"count":0,"href":"https:\/\/yoohootours.fi\/fi\/wp-json\/wp\/v2\/pages\/11370\/revisions"}],"wp:attachment":[{"href":"https:\/\/yoohootours.fi\/fi\/wp-json\/wp\/v2\/media?parent=11370"}],"curies":[{"name":"wp","href":"https:\/\/api.w.org\/{rel}","templated":true}]}}