{"id":14094,"date":"2023-01-18T21:06:57","date_gmt":"2023-01-18T19:06:57","guid":{"rendered":"https:\/\/yoohootours.fi\/?page_id=14094"},"modified":"2023-04-29T17:01:35","modified_gmt":"2023-04-29T14:01:35","slug":"for-groups","status":"publish","type":"page","link":"https:\/\/yoohootours.fi\/fi\/for-groups\/","title":{"rendered":"FOR GROUPS"},"content":{"rendered":"\n<div class=\"wp-block-cover is-light\"><span aria-hidden=\"true\" class=\"wp-block-cover__background has-background-dim\"><\/span><img loading=\"lazy\" decoding=\"async\" width=\"1024\" height=\"768\" class=\"wp-block-cover__image-background wp-image-13620\" alt=\"\" src=\"https:\/\/yoohootours.fi\/wp-content\/uploads\/2021\/04\/py\u00f6r\u00e4-1024x768.jpg\" data-object-fit=\"cover\" srcset=\"https:\/\/yoohootours.fi\/wp-content\/uploads\/2021\/04\/py\u00f6r\u00e4-1024x768.jpg 1024w, https:\/\/yoohootours.fi\/wp-content\/uploads\/2021\/04\/py\u00f6r\u00e4-300x225.jpg 300w, https:\/\/yoohootours.fi\/wp-content\/uploads\/2021\/04\/py\u00f6r\u00e4-768x576.jpg 768w, https:\/\/yoohootours.fi\/wp-content\/uploads\/2021\/04\/py\u00f6r\u00e4-590x443.jpg 590w, https:\/\/yoohootours.fi\/wp-content\/uploads\/2021\/04\/py\u00f6r\u00e4.jpg 1280w\" sizes=\"auto, (max-width: 1024px) 100vw, 1024px\" \/><div class=\"wp-block-cover__inner-container is-layout-flow wp-block-cover-is-layout-flow\"><style>.wp-block-kadence-advancedheading.kt-adv-heading_c18f5a-5c, .wp-block-kadence-advancedheading.kt-adv-heading_c18f5a-5c[data-kb-block=\"kb-adv-heading_c18f5a-5c\"]{font-style:normal;background-color:rgba(46,177,179,0.22);}.wp-block-kadence-advancedheading.kt-adv-heading_c18f5a-5c mark.kt-highlight, .wp-block-kadence-advancedheading.kt-adv-heading_c18f5a-5c[data-kb-block=\"kb-adv-heading_c18f5a-5c\"] mark.kt-highlight{font-style:normal;color:#f76a0c;-webkit-box-decoration-break:clone;box-decoration-break:clone;padding-top:0px;padding-right:0px;padding-bottom:0px;padding-left:0px;}.wp-block-kadence-advancedheading.kt-adv-heading_c18f5a-5c img.kb-inline-image, .wp-block-kadence-advancedheading.kt-adv-heading_c18f5a-5c[data-kb-block=\"kb-adv-heading_c18f5a-5c\"] img.kb-inline-image{width:150px;vertical-align:baseline;}<\/style>\n<h4 class=\"kt-adv-heading_c18f5a-5c wp-block-kadence-advancedheading has-theme-palette-9-color has-text-color\" data-kb-block=\"kb-adv-heading_c18f5a-5c\">We are happy to offer our tours also for groups! Whether you are coming on a business trip to Helsinki and need some activities for your team or just having vacation with family or friends, we can offer you wide range of tours according to your needs! <\/h4>\n<\/div><\/div>\n\n\n<style>.kt-sc_6bb604-24 .kt-sc-imgcol, .kt-sc_6bb604-24 .kt-sc-textcol{min-height:450px;}.kt-sc_6bb604-24 .kt-split-content-img{max-height:450px;}.kt-sc_6bb604-24 .kt-sc-textcol{padding-top:24px;padding-right:24px;padding-bottom:24px;padding-left:24px;margin-top:0px;margin-right:0px;margin-bottom:0px;margin-left:0px;}@media all and (max-width: 767px){.kt-sc_6bb604-24 .kt-sc-imgcol, .kt-sc_6bb604-24 .kt-sc-textcol{min-height:450px;}}<\/style>\n<div class=\"wp-block-kadence-splitcontent aligncenter kt-sc_6bb604-24\"><div class=\"kt-split-content-wrap kt-sc-media-side-left\" style=\"grid-template-columns:50% auto\"><div class=\"kt-sc-imgcol kt-sc-imgcol-bg-contain kt-sc-img-side-left\"><figure class=\"kt-split-content-media-image wp-image-container-14111\"><img loading=\"lazy\" decoding=\"async\" src=\"https:\/\/yoohootours.fi\/wp-content\/uploads\/2023\/01\/Opas3-scaled.jpg\" alt=\"Biketour Helsinki\" width=\"2560\" height=\"1920\" class=\"kt-split-content-img wp-image-14111\" srcset=\"https:\/\/yoohootours.fi\/wp-content\/uploads\/2023\/01\/Opas3-scaled.jpg 2560w, https:\/\/yoohootours.fi\/wp-content\/uploads\/2023\/01\/Opas3-300x225.jpg 300w, https:\/\/yoohootours.fi\/wp-content\/uploads\/2023\/01\/Opas3-1024x768.jpg 1024w, https:\/\/yoohootours.fi\/wp-content\/uploads\/2023\/01\/Opas3-768x576.jpg 768w, https:\/\/yoohootours.fi\/wp-content\/uploads\/2023\/01\/Opas3-1536x1152.jpg 1536w, https:\/\/yoohootours.fi\/wp-content\/uploads\/2023\/01\/Opas3-2048x1536.jpg 2048w, https:\/\/yoohootours.fi\/wp-content\/uploads\/2023\/01\/Opas3-16x12.jpg 16w, https:\/\/yoohootours.fi\/wp-content\/uploads\/2023\/01\/Opas3-590x443.jpg 590w\" sizes=\"auto, (max-width: 2560px) 100vw, 2560px\" \/><\/figure><\/div><div class=\"kt-sc-textcol kt-sc-text-valign-center kt-sc-text-halign-center\" style=\"min-height:450px\"><div class=\"kt-sc-innter-col\"><style>.wp-block-kadence-advancedheading.kt-adv-heading_37c705-0b, .wp-block-kadence-advancedheading.kt-adv-heading_37c705-0b[data-kb-block=\"kb-adv-heading_37c705-0b\"]{font-style:normal;}.wp-block-kadence-advancedheading.kt-adv-heading_37c705-0b mark.kt-highlight, .wp-block-kadence-advancedheading.kt-adv-heading_37c705-0b[data-kb-block=\"kb-adv-heading_37c705-0b\"] mark.kt-highlight{font-style:normal;color:#f76a0c;-webkit-box-decoration-break:clone;box-decoration-break:clone;padding-top:0px;padding-right:0px;padding-bottom:0px;padding-left:0px;}.wp-block-kadence-advancedheading.kt-adv-heading_37c705-0b img.kb-inline-image, .wp-block-kadence-advancedheading.kt-adv-heading_37c705-0b[data-kb-block=\"kb-adv-heading_37c705-0b\"] img.kb-inline-image{width:150px;vertical-align:baseline;}<\/style>\n<h2 class=\"kt-adv-heading_37c705-0b wp-block-kadence-advancedheading\" data-kb-block=\"kb-adv-heading_37c705-0b\">Helsinki Bike Tours<\/h2>\n\n\n\n<p>The bike tours are a great way to see Helsinki, as the city is mostly flat and surrounded by the Baltic Sea! Our guided bike tours are optimal if you want to see different neighborhoods and enjoy the fresh air. We are <a href=\"https:\/\/www.bikeland.fi\/en\/tervetuloapyorailija\" target=\"_blank\" rel=\"noreferrer noopener\">a certified bike friendly service<\/a> so you can relax watching the landscape passing by!<\/p>\n\n\n\n<p><strong>The prices for the tours start at 350 euros and additional 20 euros for each bike<\/strong><\/p>\n<\/div><\/div><\/div><\/div>\n\n\n<style>.kt-sc_e97c33-89 .kt-sc-imgcol, .kt-sc_e97c33-89 .kt-sc-textcol{min-height:450px;}.kt-sc_e97c33-89 .kt-split-content-img{max-height:450px;}.kt-sc_e97c33-89 .kt-sc-textcol{padding-top:24px;padding-right:24px;padding-bottom:24px;padding-left:24px;margin-top:0px;margin-right:0px;margin-bottom:0px;margin-left:0px;}@media all and (max-width: 767px){.kt-sc_e97c33-89 .kt-sc-imgcol, .kt-sc_e97c33-89 .kt-sc-textcol{min-height:450px;}}<\/style>\n<div class=\"wp-block-kadence-splitcontent aligncenter kt-sc_e97c33-89\"><div class=\"kt-split-content-wrap kt-sc-media-side-right\" style=\"grid-template-columns:auto 50%\"><div class=\"kt-sc-imgcol kt-sc-imgcol-bg-contain kt-sc-img-side-right\"><figure class=\"kt-split-content-media-image wp-image-container-14090\"><img loading=\"lazy\" decoding=\"async\" src=\"https:\/\/yoohootours.fi\/wp-content\/uploads\/2020\/08\/Rainbow-jalkakaytava.jpg\" alt=\"gaytour walkingtour helsinki\" width=\"1080\" height=\"1080\" class=\"kt-split-content-img wp-image-14090\" srcset=\"https:\/\/yoohootours.fi\/wp-content\/uploads\/2020\/08\/Rainbow-jalkakaytava.jpg 1080w, https:\/\/yoohootours.fi\/wp-content\/uploads\/2020\/08\/Rainbow-jalkakaytava-300x300.jpg 300w, https:\/\/yoohootours.fi\/wp-content\/uploads\/2020\/08\/Rainbow-jalkakaytava-1024x1024.jpg 1024w, https:\/\/yoohootours.fi\/wp-content\/uploads\/2020\/08\/Rainbow-jalkakaytava-150x150.jpg 150w, https:\/\/yoohootours.fi\/wp-content\/uploads\/2020\/08\/Rainbow-jalkakaytava-768x768.jpg 768w, https:\/\/yoohootours.fi\/wp-content\/uploads\/2020\/08\/Rainbow-jalkakaytava-12x12.jpg 12w, https:\/\/yoohootours.fi\/wp-content\/uploads\/2020\/08\/Rainbow-jalkakaytava-590x590.jpg 590w, https:\/\/yoohootours.fi\/wp-content\/uploads\/2020\/08\/Rainbow-jalkakaytava-100x100.jpg 100w\" sizes=\"auto, (max-width: 1080px) 100vw, 1080px\" \/><\/figure><\/div><div class=\"kt-sc-textcol kt-sc-text-valign-center kt-sc-text-halign-center\" style=\"min-height:450px\"><div class=\"kt-sc-innter-col\"><style>.wp-block-kadence-advancedheading.kt-adv-heading_506cd8-84, .wp-block-kadence-advancedheading.kt-adv-heading_506cd8-84[data-kb-block=\"kb-adv-heading_506cd8-84\"]{font-style:normal;}.wp-block-kadence-advancedheading.kt-adv-heading_506cd8-84 mark.kt-highlight, .wp-block-kadence-advancedheading.kt-adv-heading_506cd8-84[data-kb-block=\"kb-adv-heading_506cd8-84\"] mark.kt-highlight{font-style:normal;color:#f76a0c;-webkit-box-decoration-break:clone;box-decoration-break:clone;padding-top:0px;padding-right:0px;padding-bottom:0px;padding-left:0px;}.wp-block-kadence-advancedheading.kt-adv-heading_506cd8-84 img.kb-inline-image, .wp-block-kadence-advancedheading.kt-adv-heading_506cd8-84[data-kb-block=\"kb-adv-heading_506cd8-84\"] img.kb-inline-image{width:150px;vertical-align:baseline;}<\/style>\n<h2 class=\"kt-adv-heading_506cd8-84 wp-block-kadence-advancedheading\" data-kb-block=\"kb-adv-heading_506cd8-84\">Helsinki Gay Walk <\/h2>\n\n\n\n<p>Explore Helsinki with a gay twist! This walking tour takes you to beautiful Helsinki, its sights and history &#8211; also from LGBTQ point of with a local gay guide!<\/p>\n\n\n\n<p>This walking tour in central Helsinki \u2013 the openminded and international capital of Finland \u2013 combines the sights and stories of the city itself with history of LGBTQ community\u2019s life in past and present.<\/p>\n\n\n\n<p>Your host Juho is himself part of the gay community and as a guide shows you his hometown with pride. The tour takes you off the beaten track and visits places where people used to meet when homosexuality was yet a crime and disease, but also tells you interesting stories of everyday life on those days. Finnish LGBTQ icons such as world-famous gay artist Tom of Finland aka Touko Laaksonen and Tove Jansson, the author of Moomin characters, are also introduced during the tour.<\/p>\n\n\n\n<p><strong>Group price 265e for groups up to 15 person<\/strong><\/p>\n\n\n\n<p><\/p>\n<\/div><\/div><\/div><\/div>\n\n\n<style>.kt-sc_9693bd-15 .kt-sc-imgcol, .kt-sc_9693bd-15 .kt-sc-textcol{min-height:421px;}.kt-sc_9693bd-15 .kt-sc-textcol{padding-top:24px;padding-right:24px;padding-bottom:24px;padding-left:24px;margin-top:0px;margin-right:0px;margin-bottom:0px;margin-left:0px;}@media all and (max-width: 767px){.kt-sc_9693bd-15 .kt-sc-imgcol, .kt-sc_9693bd-15 .kt-sc-textcol{min-height:450px;}}<\/style>\n<div class=\"wp-block-kadence-splitcontent aligncenter kt-sc_9693bd-15\"><div class=\"kt-split-content-wrap kt-sc-media-side-left\" style=\"grid-template-columns:50% auto\"><div class=\"kt-sc-imgcol kt-sc-imgcol-bg-auto kt-sc-img-side-left\"><figure class=\"kt-split-content-media-image wp-image-container-14124\"><img loading=\"lazy\" decoding=\"async\" src=\"https:\/\/yoohootours.fi\/wp-content\/uploads\/2023\/04\/Pasila-by-bike_250423_02.jpg\" alt=\"Bike tour \" width=\"1785\" height=\"2526\" class=\"kt-split-content-img wp-image-14124\" srcset=\"https:\/\/yoohootours.fi\/wp-content\/uploads\/2023\/04\/Pasila-by-bike_250423_02.jpg 1785w, https:\/\/yoohootours.fi\/wp-content\/uploads\/2023\/04\/Pasila-by-bike_250423_02-212x300.jpg 212w, https:\/\/yoohootours.fi\/wp-content\/uploads\/2023\/04\/Pasila-by-bike_250423_02-724x1024.jpg 724w, https:\/\/yoohootours.fi\/wp-content\/uploads\/2023\/04\/Pasila-by-bike_250423_02-768x1087.jpg 768w, https:\/\/yoohootours.fi\/wp-content\/uploads\/2023\/04\/Pasila-by-bike_250423_02-1085x1536.jpg 1085w, https:\/\/yoohootours.fi\/wp-content\/uploads\/2023\/04\/Pasila-by-bike_250423_02-1447x2048.jpg 1447w, https:\/\/yoohootours.fi\/wp-content\/uploads\/2023\/04\/Pasila-by-bike_250423_02-8x12.jpg 8w, https:\/\/yoohootours.fi\/wp-content\/uploads\/2023\/04\/Pasila-by-bike_250423_02-590x835.jpg 590w\" sizes=\"auto, (max-width: 1785px) 100vw, 1785px\" \/><\/figure><\/div><div class=\"kt-sc-textcol kt-sc-text-valign-center kt-sc-text-halign-center\" style=\"min-height:421px\"><div class=\"kt-sc-innter-col\"><style>.wp-block-kadence-advancedheading.kt-adv-heading_d9ac4e-60, .wp-block-kadence-advancedheading.kt-adv-heading_d9ac4e-60[data-kb-block=\"kb-adv-heading_d9ac4e-60\"]{font-style:normal;}.wp-block-kadence-advancedheading.kt-adv-heading_d9ac4e-60 mark.kt-highlight, .wp-block-kadence-advancedheading.kt-adv-heading_d9ac4e-60[data-kb-block=\"kb-adv-heading_d9ac4e-60\"] mark.kt-highlight{font-style:normal;color:#f76a0c;-webkit-box-decoration-break:clone;box-decoration-break:clone;padding-top:0px;padding-right:0px;padding-bottom:0px;padding-left:0px;}.wp-block-kadence-advancedheading.kt-adv-heading_d9ac4e-60 img.kb-inline-image, .wp-block-kadence-advancedheading.kt-adv-heading_d9ac4e-60[data-kb-block=\"kb-adv-heading_d9ac4e-60\"] img.kb-inline-image{width:150px;vertical-align:baseline;}<\/style>\n<h2 class=\"kt-adv-heading_d9ac4e-60 wp-block-kadence-advancedheading\" data-kb-block=\"kb-adv-heading_d9ac4e-60\">Pasila by Bike <\/h2>\n\n\n\n<p>This 2-hour \/17km guided bike tour takes you from the city center to the green areas of Helsinki! Leaving from your eg. your hotel we&#8217;ll bike to T\u00f6\u00f6l\u00f6 Bay outdoor area and from there toward the Olympic Stadium. After that we will leave city behind us as we head toward the wooden 1920&#8217;s villa area and former industrial areas now being part of the underground culture of the city. <\/p>\n\n\n\n<p>Slowly reaching the beautiful rapids of Vanhakaupunki district where Helsinki was originally founded on 1550. Still in the parks and forests we continue to Pasila concrete neighbourhood which also is the heart of the street art district, where big, colorful graffiti are seen everywhere. Finally we still enjoy the nature and views of green area of wooden villas from 18th century and bike around T\u00f6\u00f6l\u00f6 Bay to end the tour. <\/p>\n\n\n\n<p>The tour start place can be agreed to different hotels, venues etc. <\/p>\n\n\n\n<p><strong>Group price 520e for groups up to 10 person<\/strong> <strong>with additional 20 euros for each set of bike and helmet.<\/strong><\/p>\n<\/div><\/div><\/div><\/div>\n","protected":false},"excerpt":{"rendered":"","protected":false},"author":2,"featured_media":0,"parent":0,"menu_order":0,"comment_status":"closed","ping_status":"closed","template":"","meta":{"_kad_blocks_custom_css":"","_kad_blocks_head_custom_js":"","_kad_blocks_body_custom_js":"","_kad_blocks_footer_custom_js":"","_kad_post_transparent":"","_kad_post_title":"","_kad_post_layout":"","_kad_post_sidebar_id":"","_kad_post_content_style":"","_kad_post_vertical_padding":"","_kad_post_feature":"","_kad_post_feature_position":"","_kad_post_header":false,"_kad_post_footer":false,"_kad_post_classname":"","footnotes":""},"class_list":["post-14094","page","type-page","status-publish","hentry"],"yoast_head":"<!-- This site is optimized with the Yoast SEO plugin v27.4 - https:\/\/yoast.com\/product\/yoast-seo-wordpress\/ -->\n<title>FOR GROUPS | Yoo-hoo! Tours<\/title>\n<meta name=\"description\" content=\"Book a tour for your group! Bike tours, walking tours, island tours in Helsinki with local guide\" \/>\n<meta name=\"robots\" content=\"index, follow, max-snippet:-1, max-image-preview:large, max-video-preview:-1\" \/>\n<link rel=\"canonical\" href=\"https:\/\/yoohootours.fi\/fi\/for-groups\/\" \/>\n<meta property=\"og:locale\" content=\"fi_FI\" \/>\n<meta property=\"og:type\" content=\"article\" \/>\n<meta property=\"og:title\" content=\"FOR GROUPS | Yoo-hoo! Tours\" \/>\n<meta property=\"og:description\" content=\"Book a tour for your group! Bike tours, walking tours, island tours in Helsinki with local guide\" \/>\n<meta property=\"og:url\" content=\"https:\/\/yoohootours.fi\/fi\/for-groups\/\" \/>\n<meta property=\"og:site_name\" content=\"Yoo-hoo! Tours\" \/>\n<meta property=\"article:modified_time\" content=\"2023-04-29T14:01:35+00:00\" \/>\n<meta property=\"og:image\" content=\"https:\/\/yoohootours.fi\/wp-content\/uploads\/2023\/01\/Opas3-scaled.jpg\" \/>\n<meta name=\"twitter:card\" content=\"summary_large_image\" \/>\n<meta name=\"twitter:label1\" content=\"Arvioitu lukuaika\" \/>\n\t<meta name=\"twitter:data1\" content=\"2 minuuttia\" \/>\n<script type=\"application\/ld+json\" class=\"yoast-schema-graph\">{\"@context\":\"https:\\\/\\\/schema.org\",\"@graph\":[{\"@type\":\"WebPage\",\"@id\":\"https:\\\/\\\/yoohootours.fi\\\/for-groups\\\/\",\"url\":\"https:\\\/\\\/yoohootours.fi\\\/for-groups\\\/\",\"name\":\"FOR GROUPS | Yoo-hoo! Tours\",\"isPartOf\":{\"@id\":\"https:\\\/\\\/yoohootours.fi\\\/#website\"},\"primaryImageOfPage\":{\"@id\":\"https:\\\/\\\/yoohootours.fi\\\/for-groups\\\/#primaryimage\"},\"image\":{\"@id\":\"https:\\\/\\\/yoohootours.fi\\\/for-groups\\\/#primaryimage\"},\"thumbnailUrl\":\"https:\\\/\\\/yoohootours.fi\\\/wp-content\\\/uploads\\\/2023\\\/01\\\/Opas3-scaled.jpg\",\"datePublished\":\"2023-01-18T19:06:57+00:00\",\"dateModified\":\"2023-04-29T14:01:35+00:00\",\"description\":\"Book a tour for your group! Bike tours, walking tours, island tours in Helsinki with local guide\",\"breadcrumb\":{\"@id\":\"https:\\\/\\\/yoohootours.fi\\\/for-groups\\\/#breadcrumb\"},\"inLanguage\":\"fi\",\"potentialAction\":[{\"@type\":\"ReadAction\",\"target\":[\"https:\\\/\\\/yoohootours.fi\\\/for-groups\\\/\"]}]},{\"@type\":\"ImageObject\",\"inLanguage\":\"fi\",\"@id\":\"https:\\\/\\\/yoohootours.fi\\\/for-groups\\\/#primaryimage\",\"url\":\"https:\\\/\\\/yoohootours.fi\\\/wp-content\\\/uploads\\\/2023\\\/01\\\/Opas3-scaled.jpg\",\"contentUrl\":\"https:\\\/\\\/yoohootours.fi\\\/wp-content\\\/uploads\\\/2023\\\/01\\\/Opas3-scaled.jpg\"},{\"@type\":\"BreadcrumbList\",\"@id\":\"https:\\\/\\\/yoohootours.fi\\\/for-groups\\\/#breadcrumb\",\"itemListElement\":[{\"@type\":\"ListItem\",\"position\":1,\"name\":\"Home\",\"item\":\"https:\\\/\\\/yoohootours.fi\\\/\"},{\"@type\":\"ListItem\",\"position\":2,\"name\":\"FOR GROUPS\"}]},{\"@type\":\"WebSite\",\"@id\":\"https:\\\/\\\/yoohootours.fi\\\/#website\",\"url\":\"https:\\\/\\\/yoohootours.fi\\\/\",\"name\":\"Yoo-hoo! Tours\",\"description\":\"Guided tours in Helsinki Private Tours in Helsinki\",\"publisher\":{\"@id\":\"https:\\\/\\\/yoohootours.fi\\\/#organization\"},\"potentialAction\":[{\"@type\":\"SearchAction\",\"target\":{\"@type\":\"EntryPoint\",\"urlTemplate\":\"https:\\\/\\\/yoohootours.fi\\\/?s={search_term_string}\"},\"query-input\":{\"@type\":\"PropertyValueSpecification\",\"valueRequired\":true,\"valueName\":\"search_term_string\"}}],\"inLanguage\":\"fi\"},{\"@type\":\"Organization\",\"@id\":\"https:\\\/\\\/yoohootours.fi\\\/#organization\",\"name\":\"Yoo-hoo! Tours\",\"url\":\"https:\\\/\\\/yoohootours.fi\\\/\",\"logo\":{\"@type\":\"ImageObject\",\"inLanguage\":\"fi\",\"@id\":\"https:\\\/\\\/yoohootours.fi\\\/#\\\/schema\\\/logo\\\/image\\\/\",\"url\":\"https:\\\/\\\/yoohootours.fi\\\/wp-content\\\/uploads\\\/2020\\\/01\\\/yoohootours.png\",\"contentUrl\":\"https:\\\/\\\/yoohootours.fi\\\/wp-content\\\/uploads\\\/2020\\\/01\\\/yoohootours.png\",\"width\":662,\"height\":432,\"caption\":\"Yoo-hoo! Tours\"},\"image\":{\"@id\":\"https:\\\/\\\/yoohootours.fi\\\/#\\\/schema\\\/logo\\\/image\\\/\"}}]}<\/script>\n<!-- \/ Yoast SEO plugin. -->","yoast_head_json":{"title":"FOR GROUPS | Yoo-hoo! Tours","description":"Book a tour for your group! Bike tours, walking tours, island tours in Helsinki with local guide","robots":{"index":"index","follow":"follow","max-snippet":"max-snippet:-1","max-image-preview":"max-image-preview:large","max-video-preview":"max-video-preview:-1"},"canonical":"https:\/\/yoohootours.fi\/fi\/for-groups\/","og_locale":"fi_FI","og_type":"article","og_title":"FOR GROUPS | Yoo-hoo! Tours","og_description":"Book a tour for your group! Bike tours, walking tours, island tours in Helsinki with local guide","og_url":"https:\/\/yoohootours.fi\/fi\/for-groups\/","og_site_name":"Yoo-hoo! Tours","article_modified_time":"2023-04-29T14:01:35+00:00","og_image":[{"url":"https:\/\/yoohootours.fi\/wp-content\/uploads\/2023\/01\/Opas3-scaled.jpg","type":"","width":"","height":""}],"twitter_card":"summary_large_image","twitter_misc":{"Arvioitu lukuaika":"2 minuuttia"},"schema":{"@context":"https:\/\/schema.org","@graph":[{"@type":"WebPage","@id":"https:\/\/yoohootours.fi\/for-groups\/","url":"https:\/\/yoohootours.fi\/for-groups\/","name":"FOR GROUPS | Yoo-hoo! Tours","isPartOf":{"@id":"https:\/\/yoohootours.fi\/#website"},"primaryImageOfPage":{"@id":"https:\/\/yoohootours.fi\/for-groups\/#primaryimage"},"image":{"@id":"https:\/\/yoohootours.fi\/for-groups\/#primaryimage"},"thumbnailUrl":"https:\/\/yoohootours.fi\/wp-content\/uploads\/2023\/01\/Opas3-scaled.jpg","datePublished":"2023-01-18T19:06:57+00:00","dateModified":"2023-04-29T14:01:35+00:00","description":"Book a tour for your group! Bike tours, walking tours, island tours in Helsinki with local guide","breadcrumb":{"@id":"https:\/\/yoohootours.fi\/for-groups\/#breadcrumb"},"inLanguage":"fi","potentialAction":[{"@type":"ReadAction","target":["https:\/\/yoohootours.fi\/for-groups\/"]}]},{"@type":"ImageObject","inLanguage":"fi","@id":"https:\/\/yoohootours.fi\/for-groups\/#primaryimage","url":"https:\/\/yoohootours.fi\/wp-content\/uploads\/2023\/01\/Opas3-scaled.jpg","contentUrl":"https:\/\/yoohootours.fi\/wp-content\/uploads\/2023\/01\/Opas3-scaled.jpg"},{"@type":"BreadcrumbList","@id":"https:\/\/yoohootours.fi\/for-groups\/#breadcrumb","itemListElement":[{"@type":"ListItem","position":1,"name":"Home","item":"https:\/\/yoohootours.fi\/"},{"@type":"ListItem","position":2,"name":"FOR GROUPS"}]},{"@type":"WebSite","@id":"https:\/\/yoohootours.fi\/#website","url":"https:\/\/yoohootours.fi\/","name":"Yoo-hoo! Tours","description":"Guided tours in Helsinki Private Tours in Helsinki","publisher":{"@id":"https:\/\/yoohootours.fi\/#organization"},"potentialAction":[{"@type":"SearchAction","target":{"@type":"EntryPoint","urlTemplate":"https:\/\/yoohootours.fi\/?s={search_term_string}"},"query-input":{"@type":"PropertyValueSpecification","valueRequired":true,"valueName":"search_term_string"}}],"inLanguage":"fi"},{"@type":"Organization","@id":"https:\/\/yoohootours.fi\/#organization","name":"Yoo-hoo! Tours","url":"https:\/\/yoohootours.fi\/","logo":{"@type":"ImageObject","inLanguage":"fi","@id":"https:\/\/yoohootours.fi\/#\/schema\/logo\/image\/","url":"https:\/\/yoohootours.fi\/wp-content\/uploads\/2020\/01\/yoohootours.png","contentUrl":"https:\/\/yoohootours.fi\/wp-content\/uploads\/2020\/01\/yoohootours.png","width":662,"height":432,"caption":"Yoo-hoo! Tours"},"image":{"@id":"https:\/\/yoohootours.fi\/#\/schema\/logo\/image\/"}}]}},"taxonomy_info":[],"featured_image_src_large":false,"author_info":{"display_name":"Juho Rautio","author_link":"https:\/\/yoohootours.fi\/fi\/author\/juhorautio\/"},"comment_info":0,"_links":{"self":[{"href":"https:\/\/yoohootours.fi\/fi\/wp-json\/wp\/v2\/pages\/14094","targetHints":{"allow":["GET"]}}],"collection":[{"href":"https:\/\/yoohootours.fi\/fi\/wp-json\/wp\/v2\/pages"}],"about":[{"href":"https:\/\/yoohootours.fi\/fi\/wp-json\/wp\/v2\/types\/page"}],"author":[{"embeddable":true,"href":"https:\/\/yoohootours.fi\/fi\/wp-json\/wp\/v2\/users\/2"}],"replies":[{"embeddable":true,"href":"https:\/\/yoohootours.fi\/fi\/wp-json\/wp\/v2\/comments?post=14094"}],"version-history":[{"count":7,"href":"https:\/\/yoohootours.fi\/fi\/wp-json\/wp\/v2\/pages\/14094\/revisions"}],"predecessor-version":[{"id":14125,"href":"https:\/\/yoohootours.fi\/fi\/wp-json\/wp\/v2\/pages\/14094\/revisions\/14125"}],"wp:attachment":[{"href":"https:\/\/yoohootours.fi\/fi\/wp-json\/wp\/v2\/media?parent=14094"}],"curies":[{"name":"wp","href":"https:\/\/api.w.org\/{rel}","templated":true}]}}