{"id":14160,"date":"2024-05-05T18:27:46","date_gmt":"2024-05-05T15:27:46","guid":{"rendered":"https:\/\/yoohootours.fi\/?page_id=14160"},"modified":"2024-05-05T18:39:22","modified_gmt":"2024-05-05T15:39:22","slug":"ensiapu","status":"publish","type":"page","link":"https:\/\/yoohootours.fi\/fi\/ensiapu\/","title":{"rendered":"Ensiapukoulutukset"},"content":{"rendered":"<h2 class=\"wp-block-heading\">Tarjoamme my\u00f6s ensiapukoulutuksia ryhmille! <\/h2>\n\n\n\n<p>Tarvitsetko ensiapukoulutusta ryhm\u00e4llesi esimerkiksi ty\u00f6n tai harrastusten takia? R\u00e4\u00e4t\u00e4l\u00f6idyt kurssit onnistuvat kauttamme! Pitk\u00e4n akuuttihoidon sairaanhoitajakokemuksen kautta voin taata mielenkiintoisen ja opettavan koulutustilaisuuden. Olen ty\u00f6skennellyt sairaanhoitajana niin ensihoidossa, leikkausosastolla kuin p\u00e4ivystysymp\u00e4rist\u00f6ss\u00e4 Suomessa ja kansainv\u00e4lisill\u00e4 risteilylaivoilla. Ensiapukoulutuksia olen pit\u00e4nyt 2000- luvun alusta saakka erilaisille toimijoille, esimerkiksi laiva- ja lentoyhti\u00f6ille, SPR:lle ja erilaisille ty\u00f6paikoille ja muille ryhmille. <\/p>\n\n\n\n<p>Ensiapu on kansalaistaito - ota yhteytt\u00e4 ja varmistetaan ett\u00e4 ryhm\u00e4nne osaa toimia auttamistilanteissa! <\/p>\n\n\n\n<p>-Juho<\/p>\n\n\n\n<div class=\"wp-block-columns is-layout-flex wp-container-core-columns-is-layout-9d6595d7 wp-block-columns-is-layout-flex\">\n<div class=\"wp-block-column is-layout-flow wp-block-column-is-layout-flow\">\n<figure class=\"wp-block-image size-large is-style-rounded\"><img loading=\"lazy\" decoding=\"async\" width=\"768\" height=\"1024\" src=\"https:\/\/yoohootours.fi\/wp-content\/uploads\/2024\/05\/1000054557-1-768x1024.jpg\" alt=\"\" class=\"wp-image-14163\" srcset=\"https:\/\/yoohootours.fi\/wp-content\/uploads\/2024\/05\/1000054557-1-768x1024.jpg 768w, https:\/\/yoohootours.fi\/wp-content\/uploads\/2024\/05\/1000054557-1-225x300.jpg 225w, https:\/\/yoohootours.fi\/wp-content\/uploads\/2024\/05\/1000054557-1-9x12.jpg 9w, https:\/\/yoohootours.fi\/wp-content\/uploads\/2024\/05\/1000054557-1-600x799.jpg 600w, https:\/\/yoohootours.fi\/wp-content\/uploads\/2024\/05\/1000054557-1-590x787.jpg 590w, https:\/\/yoohootours.fi\/wp-content\/uploads\/2024\/05\/1000054557-1.jpg 1080w\" sizes=\"auto, (max-width: 768px) 100vw, 768px\" \/><\/figure>\n<\/div>\n\n\n\n<div class=\"wp-block-column is-layout-flow wp-block-column-is-layout-flow\"><div class=\"wp-block-image is-style-rounded\">\n<figure class=\"aligncenter size-large\"><img loading=\"lazy\" decoding=\"async\" width=\"1024\" height=\"882\" src=\"https:\/\/yoohootours.fi\/wp-content\/uploads\/2024\/05\/1000054561-1024x882.jpg\" alt=\"\" class=\"wp-image-14164\" srcset=\"https:\/\/yoohootours.fi\/wp-content\/uploads\/2024\/05\/1000054561-1024x882.jpg 1024w, https:\/\/yoohootours.fi\/wp-content\/uploads\/2024\/05\/1000054561-300x258.jpg 300w, https:\/\/yoohootours.fi\/wp-content\/uploads\/2024\/05\/1000054561-768x661.jpg 768w, https:\/\/yoohootours.fi\/wp-content\/uploads\/2024\/05\/1000054561-1536x1322.jpg 1536w, https:\/\/yoohootours.fi\/wp-content\/uploads\/2024\/05\/1000054561-2048x1763.jpg 2048w, https:\/\/yoohootours.fi\/wp-content\/uploads\/2024\/05\/1000054561-14x12.jpg 14w, https:\/\/yoohootours.fi\/wp-content\/uploads\/2024\/05\/1000054561-590x508.jpg 590w\" sizes=\"auto, (max-width: 1024px) 100vw, 1024px\" \/><\/figure>\n<\/div><\/div>\n\n\n\n<div class=\"wp-block-column is-layout-flow wp-block-column-is-layout-flow\"><div class=\"wp-block-image is-style-rounded\">\n<figure class=\"aligncenter size-large\"><img loading=\"lazy\" decoding=\"async\" width=\"1024\" height=\"1020\" src=\"https:\/\/yoohootours.fi\/wp-content\/uploads\/2024\/05\/1000054559-1024x1020.jpg\" alt=\"\" class=\"wp-image-14165\" srcset=\"https:\/\/yoohootours.fi\/wp-content\/uploads\/2024\/05\/1000054559-1024x1020.jpg 1024w, https:\/\/yoohootours.fi\/wp-content\/uploads\/2024\/05\/1000054559-300x300.jpg 300w, https:\/\/yoohootours.fi\/wp-content\/uploads\/2024\/05\/1000054559-150x150.jpg 150w, https:\/\/yoohootours.fi\/wp-content\/uploads\/2024\/05\/1000054559-768x765.jpg 768w, https:\/\/yoohootours.fi\/wp-content\/uploads\/2024\/05\/1000054559-12x12.jpg 12w, https:\/\/yoohootours.fi\/wp-content\/uploads\/2024\/05\/1000054559-590x588.jpg 590w, https:\/\/yoohootours.fi\/wp-content\/uploads\/2024\/05\/1000054559-100x100.jpg 100w, https:\/\/yoohootours.fi\/wp-content\/uploads\/2024\/05\/1000054559.jpg 1079w\" sizes=\"auto, (max-width: 1024px) 100vw, 1024px\" \/><\/figure>\n<\/div><\/div>\n<\/div>","protected":false},"excerpt":{"rendered":"<p>Yoo-hoo! Tours offers also First Aid courses for your group! I have a background as a Registered Nurse with long experience in Pre-hospital and Emergency Care since 1990&#8217;s. The work experience has been collected from Anesthesia and Emergency Room work in Finland as well as several years as a Nurse onboard international cruise ships. Teaching&#8230;<\/p>","protected":false},"author":2,"featured_media":14164,"parent":0,"menu_order":0,"comment_status":"closed","ping_status":"closed","template":"","meta":{"_kad_blocks_custom_css":"","_kad_blocks_head_custom_js":"","_kad_blocks_body_custom_js":"","_kad_blocks_footer_custom_js":"","_kad_post_transparent":"","_kad_post_title":"","_kad_post_layout":"","_kad_post_sidebar_id":"","_kad_post_content_style":"","_kad_post_vertical_padding":"","_kad_post_feature":"","_kad_post_feature_position":"","_kad_post_header":false,"_kad_post_footer":false,"_kad_post_classname":"","footnotes":""},"class_list":["post-14160","page","type-page","status-publish","has-post-thumbnail","hentry"],"yoast_head":"<!-- This site is optimized with the Yoast SEO plugin v27.4 - https:\/\/yoast.com\/product\/yoast-seo-wordpress\/ -->\n<title>First Aid | Yoo-hoo! Tours<\/title>\n<meta name=\"description\" content=\"Ensiapukoulutus r\u00e4\u00e4t\u00e4l\u00f6ityn\u00e4 ryhm\u00e4si tarpeeseen\" \/>\n<meta name=\"robots\" content=\"index, follow, max-snippet:-1, max-image-preview:large, max-video-preview:-1\" \/>\n<link rel=\"canonical\" href=\"https:\/\/yoohootours.fi\/fi\/ensiapu\/\" \/>\n<meta property=\"og:locale\" content=\"fi_FI\" \/>\n<meta property=\"og:type\" content=\"article\" \/>\n<meta property=\"og:title\" content=\"First Aid | Yoo-hoo! Tours\" \/>\n<meta property=\"og:description\" content=\"Ensiapukoulutus r\u00e4\u00e4t\u00e4l\u00f6ityn\u00e4 ryhm\u00e4si tarpeeseen\" \/>\n<meta property=\"og:url\" content=\"https:\/\/yoohootours.fi\/fi\/ensiapu\/\" \/>\n<meta property=\"og:site_name\" content=\"Yoo-hoo! Tours\" \/>\n<meta property=\"article:modified_time\" content=\"2024-05-05T15:39:22+00:00\" \/>\n<meta property=\"og:image\" content=\"https:\/\/yoohootours.fi\/wp-content\/uploads\/2024\/05\/1000054561.jpg\" \/>\n\t<meta property=\"og:image:width\" content=\"2487\" \/>\n\t<meta property=\"og:image:height\" content=\"2141\" \/>\n\t<meta property=\"og:image:type\" content=\"image\/jpeg\" \/>\n<meta name=\"twitter:card\" content=\"summary_large_image\" \/>\n<meta name=\"twitter:label1\" content=\"Arvioitu lukuaika\" \/>\n\t<meta name=\"twitter:data1\" content=\"1 minuutti\" \/>\n<script type=\"application\/ld+json\" class=\"yoast-schema-graph\">{\"@context\":\"https:\\\/\\\/schema.org\",\"@graph\":[{\"@type\":\"WebPage\",\"@id\":\"https:\\\/\\\/yoohootours.fi\\\/ensiapu\\\/\",\"url\":\"https:\\\/\\\/yoohootours.fi\\\/ensiapu\\\/\",\"name\":\"First Aid | Yoo-hoo! Tours\",\"isPartOf\":{\"@id\":\"https:\\\/\\\/yoohootours.fi\\\/#website\"},\"primaryImageOfPage\":{\"@id\":\"https:\\\/\\\/yoohootours.fi\\\/ensiapu\\\/#primaryimage\"},\"image\":{\"@id\":\"https:\\\/\\\/yoohootours.fi\\\/ensiapu\\\/#primaryimage\"},\"thumbnailUrl\":\"https:\\\/\\\/yoohootours.fi\\\/wp-content\\\/uploads\\\/2024\\\/05\\\/1000054561.jpg\",\"datePublished\":\"2024-05-05T15:27:46+00:00\",\"dateModified\":\"2024-05-05T15:39:22+00:00\",\"description\":\"Ensiapukoulutus r\u00e4\u00e4t\u00e4l\u00f6ityn\u00e4 ryhm\u00e4si tarpeeseen\",\"breadcrumb\":{\"@id\":\"https:\\\/\\\/yoohootours.fi\\\/ensiapu\\\/#breadcrumb\"},\"inLanguage\":\"fi\",\"potentialAction\":[{\"@type\":\"ReadAction\",\"target\":[\"https:\\\/\\\/yoohootours.fi\\\/ensiapu\\\/\"]}]},{\"@type\":\"ImageObject\",\"inLanguage\":\"fi\",\"@id\":\"https:\\\/\\\/yoohootours.fi\\\/ensiapu\\\/#primaryimage\",\"url\":\"https:\\\/\\\/yoohootours.fi\\\/wp-content\\\/uploads\\\/2024\\\/05\\\/1000054561.jpg\",\"contentUrl\":\"https:\\\/\\\/yoohootours.fi\\\/wp-content\\\/uploads\\\/2024\\\/05\\\/1000054561.jpg\",\"width\":2487,\"height\":2141,\"caption\":\"Ensiapukurssi\"},{\"@type\":\"BreadcrumbList\",\"@id\":\"https:\\\/\\\/yoohootours.fi\\\/ensiapu\\\/#breadcrumb\",\"itemListElement\":[{\"@type\":\"ListItem\",\"position\":1,\"name\":\"Home\",\"item\":\"https:\\\/\\\/yoohootours.fi\\\/\"},{\"@type\":\"ListItem\",\"position\":2,\"name\":\"First Aid\"}]},{\"@type\":\"WebSite\",\"@id\":\"https:\\\/\\\/yoohootours.fi\\\/#website\",\"url\":\"https:\\\/\\\/yoohootours.fi\\\/\",\"name\":\"Yoo-hoo! Tours\",\"description\":\"Guided tours in Helsinki Private Tours in Helsinki\",\"publisher\":{\"@id\":\"https:\\\/\\\/yoohootours.fi\\\/#organization\"},\"potentialAction\":[{\"@type\":\"SearchAction\",\"target\":{\"@type\":\"EntryPoint\",\"urlTemplate\":\"https:\\\/\\\/yoohootours.fi\\\/?s={search_term_string}\"},\"query-input\":{\"@type\":\"PropertyValueSpecification\",\"valueRequired\":true,\"valueName\":\"search_term_string\"}}],\"inLanguage\":\"fi\"},{\"@type\":\"Organization\",\"@id\":\"https:\\\/\\\/yoohootours.fi\\\/#organization\",\"name\":\"Yoo-hoo! Tours\",\"url\":\"https:\\\/\\\/yoohootours.fi\\\/\",\"logo\":{\"@type\":\"ImageObject\",\"inLanguage\":\"fi\",\"@id\":\"https:\\\/\\\/yoohootours.fi\\\/#\\\/schema\\\/logo\\\/image\\\/\",\"url\":\"https:\\\/\\\/yoohootours.fi\\\/wp-content\\\/uploads\\\/2020\\\/01\\\/yoohootours.png\",\"contentUrl\":\"https:\\\/\\\/yoohootours.fi\\\/wp-content\\\/uploads\\\/2020\\\/01\\\/yoohootours.png\",\"width\":662,\"height\":432,\"caption\":\"Yoo-hoo! Tours\"},\"image\":{\"@id\":\"https:\\\/\\\/yoohootours.fi\\\/#\\\/schema\\\/logo\\\/image\\\/\"}}]}<\/script>\n<!-- \/ Yoast SEO plugin. -->","yoast_head_json":{"title":"First Aid | Yoo-hoo! Tours","description":"Ensiapukoulutus r\u00e4\u00e4t\u00e4l\u00f6ityn\u00e4 ryhm\u00e4si tarpeeseen","robots":{"index":"index","follow":"follow","max-snippet":"max-snippet:-1","max-image-preview":"max-image-preview:large","max-video-preview":"max-video-preview:-1"},"canonical":"https:\/\/yoohootours.fi\/fi\/ensiapu\/","og_locale":"fi_FI","og_type":"article","og_title":"First Aid | Yoo-hoo! Tours","og_description":"Ensiapukoulutus r\u00e4\u00e4t\u00e4l\u00f6ityn\u00e4 ryhm\u00e4si tarpeeseen","og_url":"https:\/\/yoohootours.fi\/fi\/ensiapu\/","og_site_name":"Yoo-hoo! Tours","article_modified_time":"2024-05-05T15:39:22+00:00","og_image":[{"width":2487,"height":2141,"url":"https:\/\/yoohootours.fi\/wp-content\/uploads\/2024\/05\/1000054561.jpg","type":"image\/jpeg"}],"twitter_card":"summary_large_image","twitter_misc":{"Arvioitu lukuaika":"1 minuutti"},"schema":{"@context":"https:\/\/schema.org","@graph":[{"@type":"WebPage","@id":"https:\/\/yoohootours.fi\/ensiapu\/","url":"https:\/\/yoohootours.fi\/ensiapu\/","name":"First Aid | Yoo-hoo! Tours","isPartOf":{"@id":"https:\/\/yoohootours.fi\/#website"},"primaryImageOfPage":{"@id":"https:\/\/yoohootours.fi\/ensiapu\/#primaryimage"},"image":{"@id":"https:\/\/yoohootours.fi\/ensiapu\/#primaryimage"},"thumbnailUrl":"https:\/\/yoohootours.fi\/wp-content\/uploads\/2024\/05\/1000054561.jpg","datePublished":"2024-05-05T15:27:46+00:00","dateModified":"2024-05-05T15:39:22+00:00","description":"Ensiapukoulutus r\u00e4\u00e4t\u00e4l\u00f6ityn\u00e4 ryhm\u00e4si tarpeeseen","breadcrumb":{"@id":"https:\/\/yoohootours.fi\/ensiapu\/#breadcrumb"},"inLanguage":"fi","potentialAction":[{"@type":"ReadAction","target":["https:\/\/yoohootours.fi\/ensiapu\/"]}]},{"@type":"ImageObject","inLanguage":"fi","@id":"https:\/\/yoohootours.fi\/ensiapu\/#primaryimage","url":"https:\/\/yoohootours.fi\/wp-content\/uploads\/2024\/05\/1000054561.jpg","contentUrl":"https:\/\/yoohootours.fi\/wp-content\/uploads\/2024\/05\/1000054561.jpg","width":2487,"height":2141,"caption":"Ensiapukurssi"},{"@type":"BreadcrumbList","@id":"https:\/\/yoohootours.fi\/ensiapu\/#breadcrumb","itemListElement":[{"@type":"ListItem","position":1,"name":"Home","item":"https:\/\/yoohootours.fi\/"},{"@type":"ListItem","position":2,"name":"First Aid"}]},{"@type":"WebSite","@id":"https:\/\/yoohootours.fi\/#website","url":"https:\/\/yoohootours.fi\/","name":"Yoo-hoo! Tours","description":"Guided tours in Helsinki Private Tours in Helsinki","publisher":{"@id":"https:\/\/yoohootours.fi\/#organization"},"potentialAction":[{"@type":"SearchAction","target":{"@type":"EntryPoint","urlTemplate":"https:\/\/yoohootours.fi\/?s={search_term_string}"},"query-input":{"@type":"PropertyValueSpecification","valueRequired":true,"valueName":"search_term_string"}}],"inLanguage":"fi"},{"@type":"Organization","@id":"https:\/\/yoohootours.fi\/#organization","name":"Yoo-hoo! Tours","url":"https:\/\/yoohootours.fi\/","logo":{"@type":"ImageObject","inLanguage":"fi","@id":"https:\/\/yoohootours.fi\/#\/schema\/logo\/image\/","url":"https:\/\/yoohootours.fi\/wp-content\/uploads\/2020\/01\/yoohootours.png","contentUrl":"https:\/\/yoohootours.fi\/wp-content\/uploads\/2020\/01\/yoohootours.png","width":662,"height":432,"caption":"Yoo-hoo! Tours"},"image":{"@id":"https:\/\/yoohootours.fi\/#\/schema\/logo\/image\/"}}]}},"taxonomy_info":[],"featured_image_src_large":["https:\/\/yoohootours.fi\/wp-content\/uploads\/2024\/05\/1000054561-1024x882.jpg",1024,882,true],"author_info":{"display_name":"Juho Rautio","author_link":"https:\/\/yoohootours.fi\/fi\/author\/juhorautio\/"},"comment_info":0,"_links":{"self":[{"href":"https:\/\/yoohootours.fi\/fi\/wp-json\/wp\/v2\/pages\/14160","targetHints":{"allow":["GET"]}}],"collection":[{"href":"https:\/\/yoohootours.fi\/fi\/wp-json\/wp\/v2\/pages"}],"about":[{"href":"https:\/\/yoohootours.fi\/fi\/wp-json\/wp\/v2\/types\/page"}],"author":[{"embeddable":true,"href":"https:\/\/yoohootours.fi\/fi\/wp-json\/wp\/v2\/users\/2"}],"replies":[{"embeddable":true,"href":"https:\/\/yoohootours.fi\/fi\/wp-json\/wp\/v2\/comments?post=14160"}],"version-history":[{"count":8,"href":"https:\/\/yoohootours.fi\/fi\/wp-json\/wp\/v2\/pages\/14160\/revisions"}],"predecessor-version":[{"id":14174,"href":"https:\/\/yoohootours.fi\/fi\/wp-json\/wp\/v2\/pages\/14160\/revisions\/14174"}],"wp:featuredmedia":[{"embeddable":true,"href":"https:\/\/yoohootours.fi\/fi\/wp-json\/wp\/v2\/media\/14164"}],"wp:attachment":[{"href":"https:\/\/yoohootours.fi\/fi\/wp-json\/wp\/v2\/media?parent=14160"}],"curies":[{"name":"wp","href":"https:\/\/api.w.org\/{rel}","templated":true}]}}