{"id":11499,"date":"2020-02-11T16:57:37","date_gmt":"2020-02-11T14:57:37","guid":{"rendered":"https:\/\/yoohootours.fi\/?post_type=product&#038;p=11499"},"modified":"2024-09-10T10:42:32","modified_gmt":"2024-09-10T07:42:32","slug":"walking-tour-in-finnish-the-good-tsar-and-the-king-of-finland","status":"publish","type":"product","link":"https:\/\/yoohootours.fi\/fi\/tuote\/walking-tour-in-finnish-the-good-tsar-and-the-king-of-finland\/","title":{"rendered":"Suomen kuningas ja hyv\u00e4 tsaari. Opastettu k\u00e4velykierros"},"content":{"rendered":"","protected":false},"excerpt":{"rendered":"<ol>\n<li><em>\u00a0TERVETULOA MUKAAN!<\/em> T\u00e4ll\u00e4 runsaan puolentoista tunnin k\u00e4velykierroksella tutustutaan Helsingin keskustan v\u00e4hemm\u00e4n tunnettuihin alueisiin mm. Kruununhaassa. Tapaaminen on Sanomatalon ala-aulassa kahvilan vieress\u00e4, josta l\u00e4hdemme Kansalaistorin ja Kaisaniemen kautta Kruununhakaan ja Senaatintorille, jonne kierros p\u00e4\u00e4ttyy. Kierroksen aikana selvi\u00e4\u00e4 mm. miksi Kaisaniemen puistossa on yksin\u00e4inen hauta, miss\u00e4 on kaupungin lyhyin katu ja mit\u00e4 tapahtui Suomen kuninkaalle. Oppaan tarinoiden kautta kuullaan niin menneest\u00e4 kuin nykyisest\u00e4 Helsingist\u00e4. Hinta 20e \/ henkil\u00f6.<\/li>\n<\/ol>","protected":false},"featured_media":13472,"comment_status":"open","ping_status":"closed","template":"","meta":{"_kad_blocks_custom_css":"","_kad_blocks_head_custom_js":"","_kad_blocks_body_custom_js":"","_kad_blocks_footer_custom_js":"","_kad_post_transparent":"","_kad_post_title":"","_kad_post_layout":"","_kad_post_sidebar_id":"","_kad_post_content_style":"","_kad_post_vertical_padding":"","_kad_post_feature":"","_kad_post_feature_position":"","_kad_post_header":false,"_kad_post_footer":false,"_kad_post_classname":""},"product_brand":[],"product_cat":[55],"product_tag":[],"class_list":{"0":"post-11499","1":"product","2":"type-product","3":"status-publish","4":"has-post-thumbnail","6":"product_cat-walking-tours","8":"first","9":"outofstock","10":"taxable","11":"shipping-taxable","12":"purchasable","13":"product-type-variable","14":"entry","15":"content-bg","16":"loop-entry"},"yoast_head":"<!-- This site is optimized with the Yoast SEO plugin v27.4 - https:\/\/yoast.com\/product\/yoast-seo-wordpress\/ -->\n<title>Walking tour in Finnish: King of Finland and the Good Tsar | Yoo-hoo! Tours<\/title>\n<meta name=\"robots\" content=\"index, follow, max-snippet:-1, max-image-preview:large, max-video-preview:-1\" \/>\n<link rel=\"canonical\" href=\"https:\/\/yoohootours.fi\/fi\/tuote\/walking-tour-in-finnish-the-good-tsar-and-the-king-of-finland\/\" \/>\n<meta property=\"og:locale\" content=\"fi_FI\" \/>\n<meta property=\"og:type\" content=\"article\" \/>\n<meta property=\"og:title\" content=\"Walking tour in Finnish: King of Finland and the Good Tsar | Yoo-hoo! Tours\" \/>\n<meta property=\"og:description\" content=\"\u00a0Please note: this tour is in Finnish only. On this tour we will walk 90 minutes around the less known areas of Helsinki and for example find out where is the shortest street of the city located. The tour starts in the lobby of Sanomatalo (next to Fazer Cafe) and it will end to Senate Square.\" \/>\n<meta property=\"og:url\" content=\"https:\/\/yoohootours.fi\/fi\/tuote\/walking-tour-in-finnish-the-good-tsar-and-the-king-of-finland\/\" \/>\n<meta property=\"og:site_name\" content=\"Yoo-hoo! Tours\" \/>\n<meta property=\"article:modified_time\" content=\"2024-09-10T07:42:32+00:00\" \/>\n<meta property=\"og:image\" content=\"https:\/\/yoohootours.fi\/wp-content\/uploads\/2020\/02\/kuningas.jpg\" \/>\n\t<meta property=\"og:image:width\" content=\"1280\" \/>\n\t<meta property=\"og:image:height\" content=\"1280\" \/>\n\t<meta property=\"og:image:type\" content=\"image\/jpeg\" \/>\n<meta name=\"twitter:card\" content=\"summary_large_image\" \/>\n<script type=\"application\/ld+json\" class=\"yoast-schema-graph\">{\"@context\":\"https:\\\/\\\/schema.org\",\"@graph\":[{\"@type\":\"WebPage\",\"@id\":\"https:\\\/\\\/yoohootours.fi\\\/product\\\/walking-tour-in-finnish-the-good-tsar-and-the-king-of-finland\\\/\",\"url\":\"https:\\\/\\\/yoohootours.fi\\\/product\\\/walking-tour-in-finnish-the-good-tsar-and-the-king-of-finland\\\/\",\"name\":\"Walking tour in Finnish: King of Finland and the Good Tsar | Yoo-hoo! Tours\",\"isPartOf\":{\"@id\":\"https:\\\/\\\/yoohootours.fi\\\/#website\"},\"primaryImageOfPage\":{\"@id\":\"https:\\\/\\\/yoohootours.fi\\\/product\\\/walking-tour-in-finnish-the-good-tsar-and-the-king-of-finland\\\/#primaryimage\"},\"image\":{\"@id\":\"https:\\\/\\\/yoohootours.fi\\\/product\\\/walking-tour-in-finnish-the-good-tsar-and-the-king-of-finland\\\/#primaryimage\"},\"thumbnailUrl\":\"https:\\\/\\\/yoohootours.fi\\\/wp-content\\\/uploads\\\/2020\\\/02\\\/kuningas.jpg\",\"datePublished\":\"2020-02-11T14:57:37+00:00\",\"dateModified\":\"2024-09-10T07:42:32+00:00\",\"breadcrumb\":{\"@id\":\"https:\\\/\\\/yoohootours.fi\\\/product\\\/walking-tour-in-finnish-the-good-tsar-and-the-king-of-finland\\\/#breadcrumb\"},\"inLanguage\":\"fi\",\"potentialAction\":[{\"@type\":\"ReadAction\",\"target\":[\"https:\\\/\\\/yoohootours.fi\\\/product\\\/walking-tour-in-finnish-the-good-tsar-and-the-king-of-finland\\\/\"]}]},{\"@type\":\"ImageObject\",\"inLanguage\":\"fi\",\"@id\":\"https:\\\/\\\/yoohootours.fi\\\/product\\\/walking-tour-in-finnish-the-good-tsar-and-the-king-of-finland\\\/#primaryimage\",\"url\":\"https:\\\/\\\/yoohootours.fi\\\/wp-content\\\/uploads\\\/2020\\\/02\\\/kuningas.jpg\",\"contentUrl\":\"https:\\\/\\\/yoohootours.fi\\\/wp-content\\\/uploads\\\/2020\\\/02\\\/kuningas.jpg\",\"width\":1280,\"height\":1280,\"caption\":\"Suomen kuningas ja hyv\u00e4 tsaari\"},{\"@type\":\"BreadcrumbList\",\"@id\":\"https:\\\/\\\/yoohootours.fi\\\/product\\\/walking-tour-in-finnish-the-good-tsar-and-the-king-of-finland\\\/#breadcrumb\",\"itemListElement\":[{\"@type\":\"ListItem\",\"position\":1,\"name\":\"Home\",\"item\":\"https:\\\/\\\/yoohootours.fi\\\/\"},{\"@type\":\"ListItem\",\"position\":2,\"name\":\"Shop\",\"item\":\"https:\\\/\\\/yoohootours.fi\\\/shop\\\/\"},{\"@type\":\"ListItem\",\"position\":3,\"name\":\"Walking tour in Finnish: King of Finland and the Good Tsar\"}]},{\"@type\":\"WebSite\",\"@id\":\"https:\\\/\\\/yoohootours.fi\\\/#website\",\"url\":\"https:\\\/\\\/yoohootours.fi\\\/\",\"name\":\"Yoo-hoo! Tours\",\"description\":\"Guided tours in Helsinki Private Tours in Helsinki\",\"publisher\":{\"@id\":\"https:\\\/\\\/yoohootours.fi\\\/#organization\"},\"potentialAction\":[{\"@type\":\"SearchAction\",\"target\":{\"@type\":\"EntryPoint\",\"urlTemplate\":\"https:\\\/\\\/yoohootours.fi\\\/?s={search_term_string}\"},\"query-input\":{\"@type\":\"PropertyValueSpecification\",\"valueRequired\":true,\"valueName\":\"search_term_string\"}}],\"inLanguage\":\"fi\"},{\"@type\":\"Organization\",\"@id\":\"https:\\\/\\\/yoohootours.fi\\\/#organization\",\"name\":\"Yoo-hoo! Tours\",\"url\":\"https:\\\/\\\/yoohootours.fi\\\/\",\"logo\":{\"@type\":\"ImageObject\",\"inLanguage\":\"fi\",\"@id\":\"https:\\\/\\\/yoohootours.fi\\\/#\\\/schema\\\/logo\\\/image\\\/\",\"url\":\"https:\\\/\\\/yoohootours.fi\\\/wp-content\\\/uploads\\\/2020\\\/01\\\/yoohootours.png\",\"contentUrl\":\"https:\\\/\\\/yoohootours.fi\\\/wp-content\\\/uploads\\\/2020\\\/01\\\/yoohootours.png\",\"width\":662,\"height\":432,\"caption\":\"Yoo-hoo! Tours\"},\"image\":{\"@id\":\"https:\\\/\\\/yoohootours.fi\\\/#\\\/schema\\\/logo\\\/image\\\/\"}}]}<\/script>\n<!-- \/ Yoast SEO plugin. -->","yoast_head_json":{"title":"Walking tour in Finnish: King of Finland and the Good Tsar | Yoo-hoo! Tours","robots":{"index":"index","follow":"follow","max-snippet":"max-snippet:-1","max-image-preview":"max-image-preview:large","max-video-preview":"max-video-preview:-1"},"canonical":"https:\/\/yoohootours.fi\/fi\/tuote\/walking-tour-in-finnish-the-good-tsar-and-the-king-of-finland\/","og_locale":"fi_FI","og_type":"article","og_title":"Walking tour in Finnish: King of Finland and the Good Tsar | Yoo-hoo! Tours","og_description":"\u00a0Please note: this tour is in Finnish only. On this tour we will walk 90 minutes around the less known areas of Helsinki and for example find out where is the shortest street of the city located. The tour starts in the lobby of Sanomatalo (next to Fazer Cafe) and it will end to Senate Square.","og_url":"https:\/\/yoohootours.fi\/fi\/tuote\/walking-tour-in-finnish-the-good-tsar-and-the-king-of-finland\/","og_site_name":"Yoo-hoo! Tours","article_modified_time":"2024-09-10T07:42:32+00:00","og_image":[{"width":1280,"height":1280,"url":"https:\/\/yoohootours.fi\/wp-content\/uploads\/2020\/02\/kuningas.jpg","type":"image\/jpeg"}],"twitter_card":"summary_large_image","schema":{"@context":"https:\/\/schema.org","@graph":[{"@type":"WebPage","@id":"https:\/\/yoohootours.fi\/product\/walking-tour-in-finnish-the-good-tsar-and-the-king-of-finland\/","url":"https:\/\/yoohootours.fi\/product\/walking-tour-in-finnish-the-good-tsar-and-the-king-of-finland\/","name":"Walking tour in Finnish: King of Finland and the Good Tsar | Yoo-hoo! Tours","isPartOf":{"@id":"https:\/\/yoohootours.fi\/#website"},"primaryImageOfPage":{"@id":"https:\/\/yoohootours.fi\/product\/walking-tour-in-finnish-the-good-tsar-and-the-king-of-finland\/#primaryimage"},"image":{"@id":"https:\/\/yoohootours.fi\/product\/walking-tour-in-finnish-the-good-tsar-and-the-king-of-finland\/#primaryimage"},"thumbnailUrl":"https:\/\/yoohootours.fi\/wp-content\/uploads\/2020\/02\/kuningas.jpg","datePublished":"2020-02-11T14:57:37+00:00","dateModified":"2024-09-10T07:42:32+00:00","breadcrumb":{"@id":"https:\/\/yoohootours.fi\/product\/walking-tour-in-finnish-the-good-tsar-and-the-king-of-finland\/#breadcrumb"},"inLanguage":"fi","potentialAction":[{"@type":"ReadAction","target":["https:\/\/yoohootours.fi\/product\/walking-tour-in-finnish-the-good-tsar-and-the-king-of-finland\/"]}]},{"@type":"ImageObject","inLanguage":"fi","@id":"https:\/\/yoohootours.fi\/product\/walking-tour-in-finnish-the-good-tsar-and-the-king-of-finland\/#primaryimage","url":"https:\/\/yoohootours.fi\/wp-content\/uploads\/2020\/02\/kuningas.jpg","contentUrl":"https:\/\/yoohootours.fi\/wp-content\/uploads\/2020\/02\/kuningas.jpg","width":1280,"height":1280,"caption":"Suomen kuningas ja hyv\u00e4 tsaari"},{"@type":"BreadcrumbList","@id":"https:\/\/yoohootours.fi\/product\/walking-tour-in-finnish-the-good-tsar-and-the-king-of-finland\/#breadcrumb","itemListElement":[{"@type":"ListItem","position":1,"name":"Home","item":"https:\/\/yoohootours.fi\/"},{"@type":"ListItem","position":2,"name":"Shop","item":"https:\/\/yoohootours.fi\/shop\/"},{"@type":"ListItem","position":3,"name":"Walking tour in Finnish: King of Finland and the Good Tsar"}]},{"@type":"WebSite","@id":"https:\/\/yoohootours.fi\/#website","url":"https:\/\/yoohootours.fi\/","name":"Yoo-hoo! Tours","description":"Guided tours in Helsinki Private Tours in Helsinki","publisher":{"@id":"https:\/\/yoohootours.fi\/#organization"},"potentialAction":[{"@type":"SearchAction","target":{"@type":"EntryPoint","urlTemplate":"https:\/\/yoohootours.fi\/?s={search_term_string}"},"query-input":{"@type":"PropertyValueSpecification","valueRequired":true,"valueName":"search_term_string"}}],"inLanguage":"fi"},{"@type":"Organization","@id":"https:\/\/yoohootours.fi\/#organization","name":"Yoo-hoo! Tours","url":"https:\/\/yoohootours.fi\/","logo":{"@type":"ImageObject","inLanguage":"fi","@id":"https:\/\/yoohootours.fi\/#\/schema\/logo\/image\/","url":"https:\/\/yoohootours.fi\/wp-content\/uploads\/2020\/01\/yoohootours.png","contentUrl":"https:\/\/yoohootours.fi\/wp-content\/uploads\/2020\/01\/yoohootours.png","width":662,"height":432,"caption":"Yoo-hoo! Tours"},"image":{"@id":"https:\/\/yoohootours.fi\/#\/schema\/logo\/image\/"}}]}},"taxonomy_info":{"product_cat":[{"value":55,"label":"Walking Tours"}]},"featured_image_src_large":["https:\/\/yoohootours.fi\/wp-content\/uploads\/2020\/02\/kuningas-1024x1024.jpg",1024,1024,true],"author_info":[],"comment_info":5,"_links":{"self":[{"href":"https:\/\/yoohootours.fi\/fi\/wp-json\/wp\/v2\/product\/11499","targetHints":{"allow":["GET"]}}],"collection":[{"href":"https:\/\/yoohootours.fi\/fi\/wp-json\/wp\/v2\/product"}],"about":[{"href":"https:\/\/yoohootours.fi\/fi\/wp-json\/wp\/v2\/types\/product"}],"replies":[{"embeddable":true,"href":"https:\/\/yoohootours.fi\/fi\/wp-json\/wp\/v2\/comments?post=11499"}],"wp:featuredmedia":[{"embeddable":true,"href":"https:\/\/yoohootours.fi\/fi\/wp-json\/wp\/v2\/media\/13472"}],"wp:attachment":[{"href":"https:\/\/yoohootours.fi\/fi\/wp-json\/wp\/v2\/media?parent=11499"}],"wp:term":[{"taxonomy":"product_brand","embeddable":true,"href":"https:\/\/yoohootours.fi\/fi\/wp-json\/wp\/v2\/product_brand?post=11499"},{"taxonomy":"product_cat","embeddable":true,"href":"https:\/\/yoohootours.fi\/fi\/wp-json\/wp\/v2\/product_cat?post=11499"},{"taxonomy":"product_tag","embeddable":true,"href":"https:\/\/yoohootours.fi\/fi\/wp-json\/wp\/v2\/product_tag?post=11499"}],"curies":[{"name":"wp","href":"https:\/\/api.w.org\/{rel}","templated":true}]}}