{"id":12659,"date":"2020-04-12T09:41:30","date_gmt":"2020-04-12T06:41:30","guid":{"rendered":"https:\/\/yoohootours.fi\/?post_type=product&#038;p=12659"},"modified":"2025-04-30T07:46:54","modified_gmt":"2025-04-30T04:46:54","slug":"old-manor-houses-and-villas-of-eastern-helsinki-by-bike","status":"publish","type":"product","link":"https:\/\/yoohootours.fi\/fi\/tuote\/old-manor-houses-and-villas-of-eastern-helsinki-by-bike\/","title":{"rendered":"It\u00e4-Helsingin kauniit kartanot - opastettu py\u00f6r\u00e4ilykierros"},"content":{"rendered":"","protected":false},"excerpt":{"rendered":"<p>This tour is in Finnish, but can be arranged also in English or Swedish. Please contact us using the contact form if you are interested!<\/p>\n<p><strong>Kokonaiskesto 3-4 tuntia, matka noin 30 km.<\/strong><\/p>\n<p>Tervetuloa mukaan t\u00e4lle noin 30 kilometrin py\u00f6r\u00e4ilykierrokselle, joka seuraa It\u00e4-Helsingin kauniita merenrantoja ja jonka aikana tutustutaan alueen vanhoihin, yh\u00e4 olemassa oleviin kartanoihin ja huviloihin! Kuulet kierroksen aikana tarinoita niiden historiasta, merkityksest\u00e4 koko Helsingin kehitykselle ja my\u00f6s nykyhetken tilanteesta ja k\u00e4yt\u00f6st\u00e4. N\u00e4emme my\u00f6s uutta Helsinki\u00e4, esimerkiksi Kruunuvuorenrannan aluetta ja Kalasatamaa. Kierroksen kesto on noin 3-4 tuntia, riippuen ryhm\u00e4n vauhdista. T\u00e4m\u00e4 ei ole kilpapy\u00f6r\u00e4ily\u00e4, vaan mukava ja rento kierros, jonka aikana pys\u00e4hdyt\u00e4\u00e4n monesti ja voidaan my\u00f6s pit\u00e4\u00e4 tauko virvokkeiden nauttimista varten.<\/p>\n<hr \/>\n<p><strong>Kierroksen hinta:<\/strong> 35 euroa \/ henkil\u00f6. Hinta sis\u00e4lt\u00e4\u00e4 opastetun kierroksen ja v\u00e4lipalan (proteiinipatukka).<\/p>\n<ul>\n<li>Jos sinulla ei ole omaa py\u00f6r\u00e4\u00e4 ja tarvitset vuokrapy\u00f6r\u00e4n, ota yhteytt\u00e4 erikseen.  Kierroksen liput verkkokaupasta.<\/li>\n<li>Kierroksella ei k\u00e4yd\u00e4 rakennusten sis\u00e4ll\u00e4.<\/li>\n<li>Osta liput etuk\u00e4teen verkkokaupastamme.<\/li>\n<\/ul>\n<p><strong>Tapaamispaikka:<\/strong> Kierros alkaa Puotilan metroaseman ulkopuolelta (Puotilan puoleinen ulosk\u00e4ynti, ks. kuva). P\u00e4\u00e4set paikalle py\u00f6r\u00e4n kanssa helposti metrolla. L\u00e4hist\u00f6ll\u00e4 on my\u00f6s runsaasti parkkipaikkoja. Kierros p\u00e4\u00e4ttyy l\u00e4helle Kalasataman metroasemaa.<\/p>","protected":false},"featured_media":12670,"comment_status":"open","ping_status":"closed","template":"","meta":{"_kad_blocks_custom_css":"","_kad_blocks_head_custom_js":"","_kad_blocks_body_custom_js":"","_kad_blocks_footer_custom_js":"","_kad_post_transparent":"default","_kad_post_title":"","_kad_post_layout":"default","_kad_post_sidebar_id":"","_kad_post_content_style":"default","_kad_post_vertical_padding":"default","_kad_post_feature":"","_kad_post_feature_position":"","_kad_post_header":false,"_kad_post_footer":false,"_kad_post_classname":""},"product_brand":[],"product_cat":[62],"product_tag":[],"class_list":{"0":"post-12659","1":"product","2":"type-product","3":"status-publish","4":"has-post-thumbnail","6":"product_cat-biketours","8":"first","9":"outofstock","10":"taxable","11":"shipping-taxable","12":"product-type-variable","13":"entry","14":"content-bg","15":"loop-entry"},"yoast_head":"<!-- This site is optimized with the Yoast SEO plugin v27.4 - https:\/\/yoast.com\/product\/yoast-seo-wordpress\/ -->\n<title>Old Manor Houses and Villas of Eastern Helsinki by Bike | Yoo-hoo! Tours<\/title>\n<meta name=\"robots\" content=\"index, follow, max-snippet:-1, max-image-preview:large, max-video-preview:-1\" \/>\n<link rel=\"canonical\" href=\"https:\/\/yoohootours.fi\/fi\/tuote\/old-manor-houses-and-villas-of-eastern-helsinki-by-bike\/\" \/>\n<meta property=\"og:locale\" content=\"fi_FI\" \/>\n<meta property=\"og:type\" content=\"article\" \/>\n<meta property=\"og:title\" content=\"Old Manor Houses and Villas of Eastern Helsinki by Bike | Yoo-hoo! Tours\" \/>\n<meta property=\"og:description\" content=\"This tour is in Finnish, but can be arranged also in English or Swedish. Please contact us using the contact form if you are interested!  Duration 3-4 hours, distance about 30 km.  Guided bike tour on the picturesque seaside route in Eastern Helsinki. On this about 30 km route you will hear about the old, still existing manor houses and villas of this area, their history in conjunction with the history of Helsinki and also their present day use. There will be possibilities to breaks for refreshments if needed. The duration of the tour is about 3-4 hours, depending of the group&#039;s speed. This is not a race, but an enjoyable ride with stories and good time.    The price of the tour: 35 euros per person, including the guided tour and a snack (protein bar).   Please note, the price is valid when you have your own bike. If rental bike is needed, please consult us.  We don&#039;t visit inside the buildings.  Buy the tickets to the tour from our webshop.  The meeting point: Puotila metro station exit on Puotila side, see the picture. You can use the metro with your bike and easily get to the start point, there are also plenty of parking places for the cars nearby. The tour ends at Kalasatama, close to the metro station.\" \/>\n<meta property=\"og:url\" content=\"https:\/\/yoohootours.fi\/fi\/tuote\/old-manor-houses-and-villas-of-eastern-helsinki-by-bike\/\" \/>\n<meta property=\"og:site_name\" content=\"Yoo-hoo! Tours\" \/>\n<meta property=\"article:modified_time\" content=\"2025-04-30T04:46:54+00:00\" \/>\n<meta property=\"og:image\" content=\"https:\/\/yoohootours.fi\/wp-content\/uploads\/2020\/04\/kartanokierros1.jpg\" \/>\n\t<meta property=\"og:image:width\" content=\"1024\" \/>\n\t<meta property=\"og:image:height\" content=\"1280\" \/>\n\t<meta property=\"og:image:type\" content=\"image\/jpeg\" \/>\n<meta name=\"twitter:card\" content=\"summary_large_image\" \/>\n<script type=\"application\/ld+json\" class=\"yoast-schema-graph\">{\"@context\":\"https:\\\/\\\/schema.org\",\"@graph\":[{\"@type\":\"WebPage\",\"@id\":\"https:\\\/\\\/yoohootours.fi\\\/product\\\/old-manor-houses-and-villas-of-eastern-helsinki-by-bike\\\/\",\"url\":\"https:\\\/\\\/yoohootours.fi\\\/product\\\/old-manor-houses-and-villas-of-eastern-helsinki-by-bike\\\/\",\"name\":\"Old Manor Houses and Villas of Eastern Helsinki by Bike | Yoo-hoo! Tours\",\"isPartOf\":{\"@id\":\"https:\\\/\\\/yoohootours.fi\\\/#website\"},\"primaryImageOfPage\":{\"@id\":\"https:\\\/\\\/yoohootours.fi\\\/product\\\/old-manor-houses-and-villas-of-eastern-helsinki-by-bike\\\/#primaryimage\"},\"image\":{\"@id\":\"https:\\\/\\\/yoohootours.fi\\\/product\\\/old-manor-houses-and-villas-of-eastern-helsinki-by-bike\\\/#primaryimage\"},\"thumbnailUrl\":\"https:\\\/\\\/yoohootours.fi\\\/wp-content\\\/uploads\\\/2020\\\/04\\\/kartanokierros1.jpg\",\"datePublished\":\"2020-04-12T06:41:30+00:00\",\"dateModified\":\"2025-04-30T04:46:54+00:00\",\"breadcrumb\":{\"@id\":\"https:\\\/\\\/yoohootours.fi\\\/product\\\/old-manor-houses-and-villas-of-eastern-helsinki-by-bike\\\/#breadcrumb\"},\"inLanguage\":\"fi\",\"potentialAction\":[{\"@type\":\"ReadAction\",\"target\":[\"https:\\\/\\\/yoohootours.fi\\\/product\\\/old-manor-houses-and-villas-of-eastern-helsinki-by-bike\\\/\"]}]},{\"@type\":\"ImageObject\",\"inLanguage\":\"fi\",\"@id\":\"https:\\\/\\\/yoohootours.fi\\\/product\\\/old-manor-houses-and-villas-of-eastern-helsinki-by-bike\\\/#primaryimage\",\"url\":\"https:\\\/\\\/yoohootours.fi\\\/wp-content\\\/uploads\\\/2020\\\/04\\\/kartanokierros1.jpg\",\"contentUrl\":\"https:\\\/\\\/yoohootours.fi\\\/wp-content\\\/uploads\\\/2020\\\/04\\\/kartanokierros1.jpg\",\"width\":1024,\"height\":1280,\"caption\":\"It\u00e4-Helsingin kauniit kartanot\"},{\"@type\":\"BreadcrumbList\",\"@id\":\"https:\\\/\\\/yoohootours.fi\\\/product\\\/old-manor-houses-and-villas-of-eastern-helsinki-by-bike\\\/#breadcrumb\",\"itemListElement\":[{\"@type\":\"ListItem\",\"position\":1,\"name\":\"Home\",\"item\":\"https:\\\/\\\/yoohootours.fi\\\/\"},{\"@type\":\"ListItem\",\"position\":2,\"name\":\"Shop\",\"item\":\"https:\\\/\\\/yoohootours.fi\\\/shop\\\/\"},{\"@type\":\"ListItem\",\"position\":3,\"name\":\"Old Manor Houses and Villas of Eastern Helsinki by Bike\"}]},{\"@type\":\"WebSite\",\"@id\":\"https:\\\/\\\/yoohootours.fi\\\/#website\",\"url\":\"https:\\\/\\\/yoohootours.fi\\\/\",\"name\":\"Yoo-hoo! Tours\",\"description\":\"Guided tours in Helsinki Private Tours in Helsinki\",\"publisher\":{\"@id\":\"https:\\\/\\\/yoohootours.fi\\\/#organization\"},\"potentialAction\":[{\"@type\":\"SearchAction\",\"target\":{\"@type\":\"EntryPoint\",\"urlTemplate\":\"https:\\\/\\\/yoohootours.fi\\\/?s={search_term_string}\"},\"query-input\":{\"@type\":\"PropertyValueSpecification\",\"valueRequired\":true,\"valueName\":\"search_term_string\"}}],\"inLanguage\":\"fi\"},{\"@type\":\"Organization\",\"@id\":\"https:\\\/\\\/yoohootours.fi\\\/#organization\",\"name\":\"Yoo-hoo! Tours\",\"url\":\"https:\\\/\\\/yoohootours.fi\\\/\",\"logo\":{\"@type\":\"ImageObject\",\"inLanguage\":\"fi\",\"@id\":\"https:\\\/\\\/yoohootours.fi\\\/#\\\/schema\\\/logo\\\/image\\\/\",\"url\":\"https:\\\/\\\/yoohootours.fi\\\/wp-content\\\/uploads\\\/2020\\\/01\\\/yoohootours.png\",\"contentUrl\":\"https:\\\/\\\/yoohootours.fi\\\/wp-content\\\/uploads\\\/2020\\\/01\\\/yoohootours.png\",\"width\":662,\"height\":432,\"caption\":\"Yoo-hoo! Tours\"},\"image\":{\"@id\":\"https:\\\/\\\/yoohootours.fi\\\/#\\\/schema\\\/logo\\\/image\\\/\"}}]}<\/script>\n<!-- \/ Yoast SEO plugin. -->","yoast_head_json":{"title":"Old Manor Houses and Villas of Eastern Helsinki by Bike | Yoo-hoo! Tours","robots":{"index":"index","follow":"follow","max-snippet":"max-snippet:-1","max-image-preview":"max-image-preview:large","max-video-preview":"max-video-preview:-1"},"canonical":"https:\/\/yoohootours.fi\/fi\/tuote\/old-manor-houses-and-villas-of-eastern-helsinki-by-bike\/","og_locale":"fi_FI","og_type":"article","og_title":"Old Manor Houses and Villas of Eastern Helsinki by Bike | Yoo-hoo! Tours","og_description":"This tour is in Finnish, but can be arranged also in English or Swedish. Please contact us using the contact form if you are interested!  Duration 3-4 hours, distance about 30 km.  Guided bike tour on the picturesque seaside route in Eastern Helsinki. On this about 30 km route you will hear about the old, still existing manor houses and villas of this area, their history in conjunction with the history of Helsinki and also their present day use. There will be possibilities to breaks for refreshments if needed. The duration of the tour is about 3-4 hours, depending of the group's speed. This is not a race, but an enjoyable ride with stories and good time.    The price of the tour: 35 euros per person, including the guided tour and a snack (protein bar).   Please note, the price is valid when you have your own bike. If rental bike is needed, please consult us.  We don't visit inside the buildings.  Buy the tickets to the tour from our webshop.  The meeting point: Puotila metro station exit on Puotila side, see the picture. You can use the metro with your bike and easily get to the start point, there are also plenty of parking places for the cars nearby. The tour ends at Kalasatama, close to the metro station.","og_url":"https:\/\/yoohootours.fi\/fi\/tuote\/old-manor-houses-and-villas-of-eastern-helsinki-by-bike\/","og_site_name":"Yoo-hoo! Tours","article_modified_time":"2025-04-30T04:46:54+00:00","og_image":[{"width":1024,"height":1280,"url":"https:\/\/yoohootours.fi\/wp-content\/uploads\/2020\/04\/kartanokierros1.jpg","type":"image\/jpeg"}],"twitter_card":"summary_large_image","schema":{"@context":"https:\/\/schema.org","@graph":[{"@type":"WebPage","@id":"https:\/\/yoohootours.fi\/product\/old-manor-houses-and-villas-of-eastern-helsinki-by-bike\/","url":"https:\/\/yoohootours.fi\/product\/old-manor-houses-and-villas-of-eastern-helsinki-by-bike\/","name":"Old Manor Houses and Villas of Eastern Helsinki by Bike | Yoo-hoo! Tours","isPartOf":{"@id":"https:\/\/yoohootours.fi\/#website"},"primaryImageOfPage":{"@id":"https:\/\/yoohootours.fi\/product\/old-manor-houses-and-villas-of-eastern-helsinki-by-bike\/#primaryimage"},"image":{"@id":"https:\/\/yoohootours.fi\/product\/old-manor-houses-and-villas-of-eastern-helsinki-by-bike\/#primaryimage"},"thumbnailUrl":"https:\/\/yoohootours.fi\/wp-content\/uploads\/2020\/04\/kartanokierros1.jpg","datePublished":"2020-04-12T06:41:30+00:00","dateModified":"2025-04-30T04:46:54+00:00","breadcrumb":{"@id":"https:\/\/yoohootours.fi\/product\/old-manor-houses-and-villas-of-eastern-helsinki-by-bike\/#breadcrumb"},"inLanguage":"fi","potentialAction":[{"@type":"ReadAction","target":["https:\/\/yoohootours.fi\/product\/old-manor-houses-and-villas-of-eastern-helsinki-by-bike\/"]}]},{"@type":"ImageObject","inLanguage":"fi","@id":"https:\/\/yoohootours.fi\/product\/old-manor-houses-and-villas-of-eastern-helsinki-by-bike\/#primaryimage","url":"https:\/\/yoohootours.fi\/wp-content\/uploads\/2020\/04\/kartanokierros1.jpg","contentUrl":"https:\/\/yoohootours.fi\/wp-content\/uploads\/2020\/04\/kartanokierros1.jpg","width":1024,"height":1280,"caption":"It\u00e4-Helsingin kauniit kartanot"},{"@type":"BreadcrumbList","@id":"https:\/\/yoohootours.fi\/product\/old-manor-houses-and-villas-of-eastern-helsinki-by-bike\/#breadcrumb","itemListElement":[{"@type":"ListItem","position":1,"name":"Home","item":"https:\/\/yoohootours.fi\/"},{"@type":"ListItem","position":2,"name":"Shop","item":"https:\/\/yoohootours.fi\/shop\/"},{"@type":"ListItem","position":3,"name":"Old Manor Houses and Villas of Eastern Helsinki by Bike"}]},{"@type":"WebSite","@id":"https:\/\/yoohootours.fi\/#website","url":"https:\/\/yoohootours.fi\/","name":"Yoo-hoo! Tours","description":"Guided tours in Helsinki Private Tours in Helsinki","publisher":{"@id":"https:\/\/yoohootours.fi\/#organization"},"potentialAction":[{"@type":"SearchAction","target":{"@type":"EntryPoint","urlTemplate":"https:\/\/yoohootours.fi\/?s={search_term_string}"},"query-input":{"@type":"PropertyValueSpecification","valueRequired":true,"valueName":"search_term_string"}}],"inLanguage":"fi"},{"@type":"Organization","@id":"https:\/\/yoohootours.fi\/#organization","name":"Yoo-hoo! Tours","url":"https:\/\/yoohootours.fi\/","logo":{"@type":"ImageObject","inLanguage":"fi","@id":"https:\/\/yoohootours.fi\/#\/schema\/logo\/image\/","url":"https:\/\/yoohootours.fi\/wp-content\/uploads\/2020\/01\/yoohootours.png","contentUrl":"https:\/\/yoohootours.fi\/wp-content\/uploads\/2020\/01\/yoohootours.png","width":662,"height":432,"caption":"Yoo-hoo! Tours"},"image":{"@id":"https:\/\/yoohootours.fi\/#\/schema\/logo\/image\/"}}]}},"taxonomy_info":{"product_cat":[{"value":62,"label":"Bike Tours"}]},"featured_image_src_large":["https:\/\/yoohootours.fi\/wp-content\/uploads\/2020\/04\/kartanokierros1-819x1024.jpg",819,1024,true],"author_info":[],"comment_info":0,"_links":{"self":[{"href":"https:\/\/yoohootours.fi\/fi\/wp-json\/wp\/v2\/product\/12659","targetHints":{"allow":["GET"]}}],"collection":[{"href":"https:\/\/yoohootours.fi\/fi\/wp-json\/wp\/v2\/product"}],"about":[{"href":"https:\/\/yoohootours.fi\/fi\/wp-json\/wp\/v2\/types\/product"}],"replies":[{"embeddable":true,"href":"https:\/\/yoohootours.fi\/fi\/wp-json\/wp\/v2\/comments?post=12659"}],"wp:featuredmedia":[{"embeddable":true,"href":"https:\/\/yoohootours.fi\/fi\/wp-json\/wp\/v2\/media\/12670"}],"wp:attachment":[{"href":"https:\/\/yoohootours.fi\/fi\/wp-json\/wp\/v2\/media?parent=12659"}],"wp:term":[{"taxonomy":"product_brand","embeddable":true,"href":"https:\/\/yoohootours.fi\/fi\/wp-json\/wp\/v2\/product_brand?post=12659"},{"taxonomy":"product_cat","embeddable":true,"href":"https:\/\/yoohootours.fi\/fi\/wp-json\/wp\/v2\/product_cat?post=12659"},{"taxonomy":"product_tag","embeddable":true,"href":"https:\/\/yoohootours.fi\/fi\/wp-json\/wp\/v2\/product_tag?post=12659"}],"curies":[{"name":"wp","href":"https:\/\/api.w.org\/{rel}","templated":true}]}}