{"id":13519,"date":"2020-08-16T07:41:36","date_gmt":"2020-08-16T04:41:36","guid":{"rendered":"https:\/\/yoohootours.fi\/?post_type=product&#038;p=13519"},"modified":"2025-06-18T16:40:06","modified_gmt":"2025-06-18T13:40:06","slug":"helsinki-gay-walk","status":"publish","type":"product","link":"https:\/\/yoohootours.fi\/fi\/tuote\/helsinki-gay-walk\/","title":{"rendered":"Helsinki Gay Walk"},"content":{"rendered":"<h4>L\u00e4hde tutustumaan Helsinkiin uudesta perspektiivist\u00e4 k\u00e4velykierrokselle, jonka aikana p\u00e4\u00e4kaupungin homohistoia- ja el\u00e4m\u00e4 tulee tutuksi!<\/h4>\n<p>Keskusta-alueelle sijoittuva opastettu k\u00e4velykierros yhdist\u00e4\u00e4 historiaa ja kaupunkikulttuuria homon\u00e4k\u00f6kulmasta. Helsingiss\u00e4 oli seksuaaliv\u00e4hemmist\u00f6jen el\u00e4m\u00e4\u00e4 aikoina, jolloin homoseksuaalisuus oli viel\u00e4 rikoslain ja sairaluokituksen alaista - mutta miten tuo el\u00e4m\u00e4 suju? Mist\u00e4 kumppaneita l\u00f6ydettiin? Miten Touko Laaksonen vietti aikaansa Helsingiss\u00e4?<\/p>\n<p>Nykyajan yhteiskuntaa on rakennettu my\u00f6s homohistorian n\u00e4k\u00f6kulmasta ymp\u00e4r\u00f6iv\u00e4n maailman muuttuessa, ja t\u00e4m\u00e4n kierroksen j\u00e4lkeen n\u00e4et kaupungin uusin silmin!<\/p>\n<p><strong>Ryhmille: <\/strong>Max 15 henkil\u00f6n ryhm\u00e4t 280e (sis ALV 25,5%). Suuremmat ryhm\u00e4t ja varaukset, ota yhteytt\u00e4 juho@yoohootours.fi<\/p>\n<p><strong>Avoimet kierrokset<\/strong> voi varata verkkokaupasta kun niit\u00e4 j\u00e4rjestet\u00e4\u00e4n<\/p>\n<p><strong>Kierroksen kesto<\/strong> n 2 tuntia<\/p>\n<p><strong>Kierroksen pituus<\/strong> n 5 km<\/p>\n<p><strong>Esteett\u00f6myys:<\/strong> Kierros on k\u00e4velykierros kaupungin keskusta-alueen kaduilla. Osa kaduista on mukulakive\u00e4. Kierros voidaan tehd\u00e4 reitti\u00e4, jossa matkalla ei ole portaita.<\/p>\n<p>&nbsp;<\/p>","protected":false},"excerpt":{"rendered":"<p>Explore Helsinki with a gay twist! This walking tour takes you to beautiful Helsinki, its sights and history &#8211; also from LGBTQ point of view unlike any other tour! This walking tour in central Helsinki \u2013 the openminded and international capital of Finland \u2013 combines the sights and stories of the city itself with history&#8230;<\/p>","protected":false},"featured_media":14090,"comment_status":"open","ping_status":"closed","template":"","meta":{"_kad_blocks_custom_css":"","_kad_blocks_head_custom_js":"","_kad_blocks_body_custom_js":"","_kad_blocks_footer_custom_js":"","_kad_post_transparent":"default","_kad_post_title":"","_kad_post_layout":"default","_kad_post_sidebar_id":"","_kad_post_content_style":"default","_kad_post_vertical_padding":"default","_kad_post_feature":"","_kad_post_feature_position":"","_kad_post_header":false,"_kad_post_footer":false,"_kad_post_classname":""},"product_brand":[],"product_cat":[55],"product_tag":[71,72,73,111,112,67],"class_list":{"0":"post-13519","1":"product","2":"type-product","3":"status-publish","4":"has-post-thumbnail","6":"product_cat-walking-tours","7":"product_tag-gay","8":"product_tag-helsinki","9":"product_tag-history","10":"product_tag-lgbtq","11":"product_tag-queer","12":"product_tag-walking-tour","14":"first","15":"instock","16":"taxable","17":"shipping-taxable","18":"purchasable","19":"product-type-variable","20":"entry","21":"content-bg","22":"loop-entry"},"yoast_head":"<!-- This site is optimized with the Yoast SEO plugin v27.4 - https:\/\/yoast.com\/product\/yoast-seo-wordpress\/ -->\n<title>Helsinki Gay Walk | Yoo-hoo! Tours<\/title>\n<meta name=\"description\" content=\"Helsinki Gay Walk - City Walking Tour with a Gay Twist\" \/>\n<meta name=\"robots\" content=\"index, follow, max-snippet:-1, max-image-preview:large, max-video-preview:-1\" \/>\n<link rel=\"canonical\" href=\"https:\/\/yoohootours.fi\/fi\/tuote\/helsinki-gay-walk\/\" \/>\n<meta property=\"og:locale\" content=\"fi_FI\" \/>\n<meta property=\"og:type\" content=\"article\" \/>\n<meta property=\"og:title\" content=\"Helsinki Gay Walk | Yoo-hoo! Tours\" \/>\n<meta property=\"og:description\" content=\"Helsinki Gay Walk - City Walking Tour with a Gay Twist\" \/>\n<meta property=\"og:url\" content=\"https:\/\/yoohootours.fi\/fi\/tuote\/helsinki-gay-walk\/\" \/>\n<meta property=\"og:site_name\" content=\"Yoo-hoo! Tours\" \/>\n<meta property=\"article:modified_time\" content=\"2025-06-18T13:40:06+00:00\" \/>\n<meta property=\"og:image\" content=\"https:\/\/yoohootours.fi\/wp-content\/uploads\/2020\/08\/Rainbow-jalkakaytava.jpg\" \/>\n\t<meta property=\"og:image:width\" content=\"1080\" \/>\n\t<meta property=\"og:image:height\" content=\"1080\" \/>\n\t<meta property=\"og:image:type\" content=\"image\/jpeg\" \/>\n<meta name=\"twitter:card\" content=\"summary_large_image\" \/>\n<meta name=\"twitter:label1\" content=\"Arvioitu lukuaika\" \/>\n\t<meta name=\"twitter:data1\" content=\"1 minuutti\" \/>\n<script type=\"application\/ld+json\" class=\"yoast-schema-graph\">{\"@context\":\"https:\\\/\\\/schema.org\",\"@graph\":[{\"@type\":\"WebPage\",\"@id\":\"https:\\\/\\\/yoohootours.fi\\\/product\\\/helsinki-gay-walk\\\/\",\"url\":\"https:\\\/\\\/yoohootours.fi\\\/product\\\/helsinki-gay-walk\\\/\",\"name\":\"Helsinki Gay Walk | Yoo-hoo! Tours\",\"isPartOf\":{\"@id\":\"https:\\\/\\\/yoohootours.fi\\\/#website\"},\"primaryImageOfPage\":{\"@id\":\"https:\\\/\\\/yoohootours.fi\\\/product\\\/helsinki-gay-walk\\\/#primaryimage\"},\"image\":{\"@id\":\"https:\\\/\\\/yoohootours.fi\\\/product\\\/helsinki-gay-walk\\\/#primaryimage\"},\"thumbnailUrl\":\"https:\\\/\\\/yoohootours.fi\\\/wp-content\\\/uploads\\\/2020\\\/08\\\/Rainbow-jalkakaytava.jpg\",\"datePublished\":\"2020-08-16T04:41:36+00:00\",\"dateModified\":\"2025-06-18T13:40:06+00:00\",\"description\":\"Helsinki Gay Walk - City Walking Tour with a Gay Twist\",\"breadcrumb\":{\"@id\":\"https:\\\/\\\/yoohootours.fi\\\/product\\\/helsinki-gay-walk\\\/#breadcrumb\"},\"inLanguage\":\"fi\",\"potentialAction\":[{\"@type\":\"ReadAction\",\"target\":[\"https:\\\/\\\/yoohootours.fi\\\/product\\\/helsinki-gay-walk\\\/\"]}]},{\"@type\":\"ImageObject\",\"inLanguage\":\"fi\",\"@id\":\"https:\\\/\\\/yoohootours.fi\\\/product\\\/helsinki-gay-walk\\\/#primaryimage\",\"url\":\"https:\\\/\\\/yoohootours.fi\\\/wp-content\\\/uploads\\\/2020\\\/08\\\/Rainbow-jalkakaytava.jpg\",\"contentUrl\":\"https:\\\/\\\/yoohootours.fi\\\/wp-content\\\/uploads\\\/2020\\\/08\\\/Rainbow-jalkakaytava.jpg\",\"width\":1080,\"height\":1080,\"caption\":\"gaytour walkingtour helsinki\"},{\"@type\":\"BreadcrumbList\",\"@id\":\"https:\\\/\\\/yoohootours.fi\\\/product\\\/helsinki-gay-walk\\\/#breadcrumb\",\"itemListElement\":[{\"@type\":\"ListItem\",\"position\":1,\"name\":\"Home\",\"item\":\"https:\\\/\\\/yoohootours.fi\\\/\"},{\"@type\":\"ListItem\",\"position\":2,\"name\":\"Shop\",\"item\":\"https:\\\/\\\/yoohootours.fi\\\/shop\\\/\"},{\"@type\":\"ListItem\",\"position\":3,\"name\":\"Helsinki Gay Walk\"}]},{\"@type\":\"WebSite\",\"@id\":\"https:\\\/\\\/yoohootours.fi\\\/#website\",\"url\":\"https:\\\/\\\/yoohootours.fi\\\/\",\"name\":\"Yoo-hoo! Tours\",\"description\":\"Guided tours in Helsinki Private Tours in Helsinki\",\"publisher\":{\"@id\":\"https:\\\/\\\/yoohootours.fi\\\/#organization\"},\"potentialAction\":[{\"@type\":\"SearchAction\",\"target\":{\"@type\":\"EntryPoint\",\"urlTemplate\":\"https:\\\/\\\/yoohootours.fi\\\/?s={search_term_string}\"},\"query-input\":{\"@type\":\"PropertyValueSpecification\",\"valueRequired\":true,\"valueName\":\"search_term_string\"}}],\"inLanguage\":\"fi\"},{\"@type\":\"Organization\",\"@id\":\"https:\\\/\\\/yoohootours.fi\\\/#organization\",\"name\":\"Yoo-hoo! Tours\",\"url\":\"https:\\\/\\\/yoohootours.fi\\\/\",\"logo\":{\"@type\":\"ImageObject\",\"inLanguage\":\"fi\",\"@id\":\"https:\\\/\\\/yoohootours.fi\\\/#\\\/schema\\\/logo\\\/image\\\/\",\"url\":\"https:\\\/\\\/yoohootours.fi\\\/wp-content\\\/uploads\\\/2020\\\/01\\\/yoohootours.png\",\"contentUrl\":\"https:\\\/\\\/yoohootours.fi\\\/wp-content\\\/uploads\\\/2020\\\/01\\\/yoohootours.png\",\"width\":662,\"height\":432,\"caption\":\"Yoo-hoo! Tours\"},\"image\":{\"@id\":\"https:\\\/\\\/yoohootours.fi\\\/#\\\/schema\\\/logo\\\/image\\\/\"}}]}<\/script>\n<!-- \/ Yoast SEO plugin. -->","yoast_head_json":{"title":"Helsinki Gay Walk | Yoo-hoo! Tours","description":"Helsinki Gay Walk - City Walking Tour with a Gay Twist","robots":{"index":"index","follow":"follow","max-snippet":"max-snippet:-1","max-image-preview":"max-image-preview:large","max-video-preview":"max-video-preview:-1"},"canonical":"https:\/\/yoohootours.fi\/fi\/tuote\/helsinki-gay-walk\/","og_locale":"fi_FI","og_type":"article","og_title":"Helsinki Gay Walk | Yoo-hoo! Tours","og_description":"Helsinki Gay Walk - City Walking Tour with a Gay Twist","og_url":"https:\/\/yoohootours.fi\/fi\/tuote\/helsinki-gay-walk\/","og_site_name":"Yoo-hoo! Tours","article_modified_time":"2025-06-18T13:40:06+00:00","og_image":[{"width":1080,"height":1080,"url":"https:\/\/yoohootours.fi\/wp-content\/uploads\/2020\/08\/Rainbow-jalkakaytava.jpg","type":"image\/jpeg"}],"twitter_card":"summary_large_image","twitter_misc":{"Arvioitu lukuaika":"1 minuutti"},"schema":{"@context":"https:\/\/schema.org","@graph":[{"@type":"WebPage","@id":"https:\/\/yoohootours.fi\/product\/helsinki-gay-walk\/","url":"https:\/\/yoohootours.fi\/product\/helsinki-gay-walk\/","name":"Helsinki Gay Walk | Yoo-hoo! Tours","isPartOf":{"@id":"https:\/\/yoohootours.fi\/#website"},"primaryImageOfPage":{"@id":"https:\/\/yoohootours.fi\/product\/helsinki-gay-walk\/#primaryimage"},"image":{"@id":"https:\/\/yoohootours.fi\/product\/helsinki-gay-walk\/#primaryimage"},"thumbnailUrl":"https:\/\/yoohootours.fi\/wp-content\/uploads\/2020\/08\/Rainbow-jalkakaytava.jpg","datePublished":"2020-08-16T04:41:36+00:00","dateModified":"2025-06-18T13:40:06+00:00","description":"Helsinki Gay Walk - City Walking Tour with a Gay Twist","breadcrumb":{"@id":"https:\/\/yoohootours.fi\/product\/helsinki-gay-walk\/#breadcrumb"},"inLanguage":"fi","potentialAction":[{"@type":"ReadAction","target":["https:\/\/yoohootours.fi\/product\/helsinki-gay-walk\/"]}]},{"@type":"ImageObject","inLanguage":"fi","@id":"https:\/\/yoohootours.fi\/product\/helsinki-gay-walk\/#primaryimage","url":"https:\/\/yoohootours.fi\/wp-content\/uploads\/2020\/08\/Rainbow-jalkakaytava.jpg","contentUrl":"https:\/\/yoohootours.fi\/wp-content\/uploads\/2020\/08\/Rainbow-jalkakaytava.jpg","width":1080,"height":1080,"caption":"gaytour walkingtour helsinki"},{"@type":"BreadcrumbList","@id":"https:\/\/yoohootours.fi\/product\/helsinki-gay-walk\/#breadcrumb","itemListElement":[{"@type":"ListItem","position":1,"name":"Home","item":"https:\/\/yoohootours.fi\/"},{"@type":"ListItem","position":2,"name":"Shop","item":"https:\/\/yoohootours.fi\/shop\/"},{"@type":"ListItem","position":3,"name":"Helsinki Gay Walk"}]},{"@type":"WebSite","@id":"https:\/\/yoohootours.fi\/#website","url":"https:\/\/yoohootours.fi\/","name":"Yoo-hoo! Tours","description":"Guided tours in Helsinki Private Tours in Helsinki","publisher":{"@id":"https:\/\/yoohootours.fi\/#organization"},"potentialAction":[{"@type":"SearchAction","target":{"@type":"EntryPoint","urlTemplate":"https:\/\/yoohootours.fi\/?s={search_term_string}"},"query-input":{"@type":"PropertyValueSpecification","valueRequired":true,"valueName":"search_term_string"}}],"inLanguage":"fi"},{"@type":"Organization","@id":"https:\/\/yoohootours.fi\/#organization","name":"Yoo-hoo! Tours","url":"https:\/\/yoohootours.fi\/","logo":{"@type":"ImageObject","inLanguage":"fi","@id":"https:\/\/yoohootours.fi\/#\/schema\/logo\/image\/","url":"https:\/\/yoohootours.fi\/wp-content\/uploads\/2020\/01\/yoohootours.png","contentUrl":"https:\/\/yoohootours.fi\/wp-content\/uploads\/2020\/01\/yoohootours.png","width":662,"height":432,"caption":"Yoo-hoo! Tours"},"image":{"@id":"https:\/\/yoohootours.fi\/#\/schema\/logo\/image\/"}}]}},"taxonomy_info":{"product_cat":[{"value":55,"label":"Walking Tours"}],"product_tag":[{"value":71,"label":"gay"},{"value":72,"label":"helsinki"},{"value":73,"label":"history"},{"value":111,"label":"lgbtq"},{"value":112,"label":"queer"},{"value":67,"label":"Walking Tour"}]},"featured_image_src_large":["https:\/\/yoohootours.fi\/wp-content\/uploads\/2020\/08\/Rainbow-jalkakaytava-1024x1024.jpg",1024,1024,true],"author_info":[],"comment_info":31,"_links":{"self":[{"href":"https:\/\/yoohootours.fi\/fi\/wp-json\/wp\/v2\/product\/13519","targetHints":{"allow":["GET"]}}],"collection":[{"href":"https:\/\/yoohootours.fi\/fi\/wp-json\/wp\/v2\/product"}],"about":[{"href":"https:\/\/yoohootours.fi\/fi\/wp-json\/wp\/v2\/types\/product"}],"replies":[{"embeddable":true,"href":"https:\/\/yoohootours.fi\/fi\/wp-json\/wp\/v2\/comments?post=13519"}],"wp:featuredmedia":[{"embeddable":true,"href":"https:\/\/yoohootours.fi\/fi\/wp-json\/wp\/v2\/media\/14090"}],"wp:attachment":[{"href":"https:\/\/yoohootours.fi\/fi\/wp-json\/wp\/v2\/media?parent=13519"}],"wp:term":[{"taxonomy":"product_brand","embeddable":true,"href":"https:\/\/yoohootours.fi\/fi\/wp-json\/wp\/v2\/product_brand?post=13519"},{"taxonomy":"product_cat","embeddable":true,"href":"https:\/\/yoohootours.fi\/fi\/wp-json\/wp\/v2\/product_cat?post=13519"},{"taxonomy":"product_tag","embeddable":true,"href":"https:\/\/yoohootours.fi\/fi\/wp-json\/wp\/v2\/product_tag?post=13519"}],"curies":[{"name":"wp","href":"https:\/\/api.w.org\/{rel}","templated":true}]}}