{"id":13695,"date":"2021-06-09T08:28:20","date_gmt":"2021-06-09T05:28:20","guid":{"rendered":"https:\/\/yoohootours.fi\/?post_type=product&#038;p=13695"},"modified":"2022-07-10T08:41:11","modified_gmt":"2022-07-10T05:41:11","slug":"guided-island-tour-to-vallisaari","status":"publish","type":"product","link":"https:\/\/yoohootours.fi\/fi\/tuote\/guided-island-tour-to-vallisaari\/","title":{"rendered":"Opastettu saarikierros Vallisaareen"},"content":{"rendered":"","protected":false},"excerpt":{"rendered":"<h4>Tervetuloa mukaan tutustumaan Vallisaareen, sen mielenkiintoiseen historiaan ja mahtaviin merin\u00e4k\u00f6alohin sek\u00e4 siell\u00e4 j\u00e4rjestett\u00e4v\u00e4\u00e4n <a href=\"https:\/\/helsinkibiennaali.fi\/\">Helsinki Biennaali<\/a> nykytaidetapahtumaan<\/h4>\n<p>T\u00e4ll\u00e4 noin kahden tunnin ja 3,5 kilometrin kierroksella kuulet saaren historiasta Ruotsin ajalta t\u00e4h\u00e4n hetkeen saarioppaamme kertomana ja n\u00e4et saaren merkitt\u00e4v\u00e4t paikat kuten Aleksanterin patterin. Saat my\u00f6s ihastella kauniita merin\u00e4kymi\u00e4 pitk\u00f6lti Helsingin yli ja Kustaanmiekansalmen toisella puolella avautuvaa Suomenlinnaa. \n\nKierroksen j\u00e4lkeen voit j\u00e4\u00e4d\u00e4 itsen\u00e4isesti tutustumaan Biennaalin taideteoksiin, joita l\u00f6ytyy ymp\u00e4ri saarta.<\/p>\n<p><strong>Kierros alkaa<\/strong> Kauppatorilta Lyypekinlaiturilta, jossa varmistamme ett\u00e4 kaikilla on laivaliput ja astumme laivaan noin 20 minuutin merimatkalle Vallisaareen. Voit ostaa laivalipun jo etuk\u00e4teen <a href=\"https:\/\/kauppa.visitvallisaari.fi\/index.php?lang=1\">Suomen Saaristokuljetuksen sivuilta<\/a>. Menopaluulipun hinta on 8,50e ja se ei sis\u00e4lly kierroksen hintaan.<\/p>\n<p><strong>Tapaamme<\/strong> kello 9.45 Lyypekinlaiturilla py\u00f6re\u00e4n, puisen Biennaali -paviljongin luona. Jos ostat lauttalipun etuk\u00e4teen, osta se kello 10.00 l\u00e4hd\u00f6lle, jolla l\u00e4hdemme kohti Vallisaarta.  Takaisintuloajan voit p\u00e4\u00e4tt\u00e4\u00e4 itse, kierrokselta ehtii kello 12.30 l\u00e4hd\u00f6lle takaisin kaupunkiin, mutta jos j\u00e4\u00e4t saarelle esimerkiksi ihastelemaan Biennaalia, voit j\u00e4tt\u00e4\u00e4 paluulipun ajan auki.<\/p>","protected":false},"featured_media":13696,"comment_status":"open","ping_status":"closed","template":"","meta":{"_kad_blocks_custom_css":"","_kad_blocks_head_custom_js":"","_kad_blocks_body_custom_js":"","_kad_blocks_footer_custom_js":"","_kad_post_transparent":"","_kad_post_title":"","_kad_post_layout":"","_kad_post_sidebar_id":"","_kad_post_content_style":"","_kad_post_vertical_padding":"","_kad_post_feature":"","_kad_post_feature_position":"","_kad_post_header":false,"_kad_post_footer":false,"_kad_post_classname":""},"product_brand":[],"product_cat":[76],"product_tag":[78,89,88],"class_list":{"0":"post-13695","1":"product","2":"type-product","3":"status-publish","4":"has-post-thumbnail","6":"product_cat-island-tours","7":"product_tag-island-tour","8":"product_tag-saarikierros","9":"product_tag-vallisaari","11":"first","12":"outofstock","13":"taxable","14":"shipping-taxable","15":"product-type-variable","16":"entry","17":"content-bg","18":"loop-entry"},"yoast_head":"<!-- This site is optimized with the Yoast SEO plugin v27.4 - https:\/\/yoast.com\/product\/yoast-seo-wordpress\/ -->\n<title>Guided Island Tour to Vallisaari | Yoo-hoo! Tours<\/title>\n<meta name=\"robots\" content=\"index, follow, max-snippet:-1, max-image-preview:large, max-video-preview:-1\" \/>\n<link rel=\"canonical\" href=\"https:\/\/yoohootours.fi\/fi\/tuote\/guided-island-tour-to-vallisaari\/\" \/>\n<meta property=\"og:locale\" content=\"fi_FI\" \/>\n<meta property=\"og:type\" content=\"article\" \/>\n<meta property=\"og:title\" content=\"Guided Island Tour to Vallisaari | Yoo-hoo! Tours\" \/>\n<meta property=\"og:description\" content=\"Join us to enjoy the Helsinki island vibes, lush nature and exciting stories of Vallisaari island, an old military area and this summer also the surrounding for Helsinki Biennial contemporary art event This guided walking tour on the Vallisaari is about 2 hrs long and 3,5 kilometers long. During the tour you will see the amazing recently opened island environment and hear the stories dating back to the times when Finland was part of the Swedish Kingdom. The great fortification buildings will be seen as well as the great sea views all around you.  The tour starts from the Market Square in Helsinki City Center, where our guide will assist you with buying a ticket and taking the ferry to the island. The cost of the round trip transportation is 8,50e and the travel time is about 20 minutes. You can also buy the tickets online from here. Please see below the details of the tour times and the ferry timetable.  We will meet at 9:45 on Lyypekinlaituri next to the Old Market Hall, where you will also see the wooden, circle pavillion on the pier. If you buy your ferry ticket in advance, buy it to the ferry departing at 10:00 am.\" \/>\n<meta property=\"og:url\" content=\"https:\/\/yoohootours.fi\/fi\/tuote\/guided-island-tour-to-vallisaari\/\" \/>\n<meta property=\"og:site_name\" content=\"Yoo-hoo! Tours\" \/>\n<meta property=\"article:modified_time\" content=\"2022-07-10T05:41:11+00:00\" \/>\n<meta property=\"og:image\" content=\"https:\/\/yoohootours.fi\/wp-content\/uploads\/2021\/06\/VS-laiva-scaled-e1623215876625.jpg\" \/>\n\t<meta property=\"og:image:width\" content=\"1920\" \/>\n\t<meta property=\"og:image:height\" content=\"2560\" \/>\n\t<meta property=\"og:image:type\" content=\"image\/jpeg\" \/>\n<meta name=\"twitter:card\" content=\"summary_large_image\" \/>\n<script type=\"application\/ld+json\" class=\"yoast-schema-graph\">{\"@context\":\"https:\\\/\\\/schema.org\",\"@graph\":[{\"@type\":\"WebPage\",\"@id\":\"https:\\\/\\\/yoohootours.fi\\\/product\\\/guided-island-tour-to-vallisaari\\\/\",\"url\":\"https:\\\/\\\/yoohootours.fi\\\/product\\\/guided-island-tour-to-vallisaari\\\/\",\"name\":\"Guided Island Tour to Vallisaari | Yoo-hoo! Tours\",\"isPartOf\":{\"@id\":\"https:\\\/\\\/yoohootours.fi\\\/#website\"},\"primaryImageOfPage\":{\"@id\":\"https:\\\/\\\/yoohootours.fi\\\/product\\\/guided-island-tour-to-vallisaari\\\/#primaryimage\"},\"image\":{\"@id\":\"https:\\\/\\\/yoohootours.fi\\\/product\\\/guided-island-tour-to-vallisaari\\\/#primaryimage\"},\"thumbnailUrl\":\"https:\\\/\\\/yoohootours.fi\\\/wp-content\\\/uploads\\\/2021\\\/06\\\/VS-laiva-scaled-e1623215876625.jpg\",\"datePublished\":\"2021-06-09T05:28:20+00:00\",\"dateModified\":\"2022-07-10T05:41:11+00:00\",\"breadcrumb\":{\"@id\":\"https:\\\/\\\/yoohootours.fi\\\/product\\\/guided-island-tour-to-vallisaari\\\/#breadcrumb\"},\"inLanguage\":\"fi\",\"potentialAction\":[{\"@type\":\"ReadAction\",\"target\":[\"https:\\\/\\\/yoohootours.fi\\\/product\\\/guided-island-tour-to-vallisaari\\\/\"]}]},{\"@type\":\"ImageObject\",\"inLanguage\":\"fi\",\"@id\":\"https:\\\/\\\/yoohootours.fi\\\/product\\\/guided-island-tour-to-vallisaari\\\/#primaryimage\",\"url\":\"https:\\\/\\\/yoohootours.fi\\\/wp-content\\\/uploads\\\/2021\\\/06\\\/VS-laiva-scaled-e1623215876625.jpg\",\"contentUrl\":\"https:\\\/\\\/yoohootours.fi\\\/wp-content\\\/uploads\\\/2021\\\/06\\\/VS-laiva-scaled-e1623215876625.jpg\",\"width\":1920,\"height\":2560,\"caption\":\"Boat ride to Vallisaari\"},{\"@type\":\"BreadcrumbList\",\"@id\":\"https:\\\/\\\/yoohootours.fi\\\/product\\\/guided-island-tour-to-vallisaari\\\/#breadcrumb\",\"itemListElement\":[{\"@type\":\"ListItem\",\"position\":1,\"name\":\"Home\",\"item\":\"https:\\\/\\\/yoohootours.fi\\\/\"},{\"@type\":\"ListItem\",\"position\":2,\"name\":\"Shop\",\"item\":\"https:\\\/\\\/yoohootours.fi\\\/shop\\\/\"},{\"@type\":\"ListItem\",\"position\":3,\"name\":\"Guided Island Tour to Vallisaari\"}]},{\"@type\":\"WebSite\",\"@id\":\"https:\\\/\\\/yoohootours.fi\\\/#website\",\"url\":\"https:\\\/\\\/yoohootours.fi\\\/\",\"name\":\"Yoo-hoo! Tours\",\"description\":\"Guided tours in Helsinki Private Tours in Helsinki\",\"publisher\":{\"@id\":\"https:\\\/\\\/yoohootours.fi\\\/#organization\"},\"potentialAction\":[{\"@type\":\"SearchAction\",\"target\":{\"@type\":\"EntryPoint\",\"urlTemplate\":\"https:\\\/\\\/yoohootours.fi\\\/?s={search_term_string}\"},\"query-input\":{\"@type\":\"PropertyValueSpecification\",\"valueRequired\":true,\"valueName\":\"search_term_string\"}}],\"inLanguage\":\"fi\"},{\"@type\":\"Organization\",\"@id\":\"https:\\\/\\\/yoohootours.fi\\\/#organization\",\"name\":\"Yoo-hoo! Tours\",\"url\":\"https:\\\/\\\/yoohootours.fi\\\/\",\"logo\":{\"@type\":\"ImageObject\",\"inLanguage\":\"fi\",\"@id\":\"https:\\\/\\\/yoohootours.fi\\\/#\\\/schema\\\/logo\\\/image\\\/\",\"url\":\"https:\\\/\\\/yoohootours.fi\\\/wp-content\\\/uploads\\\/2020\\\/01\\\/yoohootours.png\",\"contentUrl\":\"https:\\\/\\\/yoohootours.fi\\\/wp-content\\\/uploads\\\/2020\\\/01\\\/yoohootours.png\",\"width\":662,\"height\":432,\"caption\":\"Yoo-hoo! Tours\"},\"image\":{\"@id\":\"https:\\\/\\\/yoohootours.fi\\\/#\\\/schema\\\/logo\\\/image\\\/\"}}]}<\/script>\n<!-- \/ Yoast SEO plugin. -->","yoast_head_json":{"title":"Guided Island Tour to Vallisaari | Yoo-hoo! Tours","robots":{"index":"index","follow":"follow","max-snippet":"max-snippet:-1","max-image-preview":"max-image-preview:large","max-video-preview":"max-video-preview:-1"},"canonical":"https:\/\/yoohootours.fi\/fi\/tuote\/guided-island-tour-to-vallisaari\/","og_locale":"fi_FI","og_type":"article","og_title":"Guided Island Tour to Vallisaari | Yoo-hoo! Tours","og_description":"Join us to enjoy the Helsinki island vibes, lush nature and exciting stories of Vallisaari island, an old military area and this summer also the surrounding for Helsinki Biennial contemporary art event This guided walking tour on the Vallisaari is about 2 hrs long and 3,5 kilometers long. During the tour you will see the amazing recently opened island environment and hear the stories dating back to the times when Finland was part of the Swedish Kingdom. The great fortification buildings will be seen as well as the great sea views all around you.  The tour starts from the Market Square in Helsinki City Center, where our guide will assist you with buying a ticket and taking the ferry to the island. The cost of the round trip transportation is 8,50e and the travel time is about 20 minutes. You can also buy the tickets online from here. Please see below the details of the tour times and the ferry timetable.  We will meet at 9:45 on Lyypekinlaituri next to the Old Market Hall, where you will also see the wooden, circle pavillion on the pier. If you buy your ferry ticket in advance, buy it to the ferry departing at 10:00 am.","og_url":"https:\/\/yoohootours.fi\/fi\/tuote\/guided-island-tour-to-vallisaari\/","og_site_name":"Yoo-hoo! Tours","article_modified_time":"2022-07-10T05:41:11+00:00","og_image":[{"width":1920,"height":2560,"url":"https:\/\/yoohootours.fi\/wp-content\/uploads\/2021\/06\/VS-laiva-scaled-e1623215876625.jpg","type":"image\/jpeg"}],"twitter_card":"summary_large_image","schema":{"@context":"https:\/\/schema.org","@graph":[{"@type":"WebPage","@id":"https:\/\/yoohootours.fi\/product\/guided-island-tour-to-vallisaari\/","url":"https:\/\/yoohootours.fi\/product\/guided-island-tour-to-vallisaari\/","name":"Guided Island Tour to Vallisaari | Yoo-hoo! Tours","isPartOf":{"@id":"https:\/\/yoohootours.fi\/#website"},"primaryImageOfPage":{"@id":"https:\/\/yoohootours.fi\/product\/guided-island-tour-to-vallisaari\/#primaryimage"},"image":{"@id":"https:\/\/yoohootours.fi\/product\/guided-island-tour-to-vallisaari\/#primaryimage"},"thumbnailUrl":"https:\/\/yoohootours.fi\/wp-content\/uploads\/2021\/06\/VS-laiva-scaled-e1623215876625.jpg","datePublished":"2021-06-09T05:28:20+00:00","dateModified":"2022-07-10T05:41:11+00:00","breadcrumb":{"@id":"https:\/\/yoohootours.fi\/product\/guided-island-tour-to-vallisaari\/#breadcrumb"},"inLanguage":"fi","potentialAction":[{"@type":"ReadAction","target":["https:\/\/yoohootours.fi\/product\/guided-island-tour-to-vallisaari\/"]}]},{"@type":"ImageObject","inLanguage":"fi","@id":"https:\/\/yoohootours.fi\/product\/guided-island-tour-to-vallisaari\/#primaryimage","url":"https:\/\/yoohootours.fi\/wp-content\/uploads\/2021\/06\/VS-laiva-scaled-e1623215876625.jpg","contentUrl":"https:\/\/yoohootours.fi\/wp-content\/uploads\/2021\/06\/VS-laiva-scaled-e1623215876625.jpg","width":1920,"height":2560,"caption":"Boat ride to Vallisaari"},{"@type":"BreadcrumbList","@id":"https:\/\/yoohootours.fi\/product\/guided-island-tour-to-vallisaari\/#breadcrumb","itemListElement":[{"@type":"ListItem","position":1,"name":"Home","item":"https:\/\/yoohootours.fi\/"},{"@type":"ListItem","position":2,"name":"Shop","item":"https:\/\/yoohootours.fi\/shop\/"},{"@type":"ListItem","position":3,"name":"Guided Island Tour to Vallisaari"}]},{"@type":"WebSite","@id":"https:\/\/yoohootours.fi\/#website","url":"https:\/\/yoohootours.fi\/","name":"Yoo-hoo! Tours","description":"Guided tours in Helsinki Private Tours in Helsinki","publisher":{"@id":"https:\/\/yoohootours.fi\/#organization"},"potentialAction":[{"@type":"SearchAction","target":{"@type":"EntryPoint","urlTemplate":"https:\/\/yoohootours.fi\/?s={search_term_string}"},"query-input":{"@type":"PropertyValueSpecification","valueRequired":true,"valueName":"search_term_string"}}],"inLanguage":"fi"},{"@type":"Organization","@id":"https:\/\/yoohootours.fi\/#organization","name":"Yoo-hoo! Tours","url":"https:\/\/yoohootours.fi\/","logo":{"@type":"ImageObject","inLanguage":"fi","@id":"https:\/\/yoohootours.fi\/#\/schema\/logo\/image\/","url":"https:\/\/yoohootours.fi\/wp-content\/uploads\/2020\/01\/yoohootours.png","contentUrl":"https:\/\/yoohootours.fi\/wp-content\/uploads\/2020\/01\/yoohootours.png","width":662,"height":432,"caption":"Yoo-hoo! Tours"},"image":{"@id":"https:\/\/yoohootours.fi\/#\/schema\/logo\/image\/"}}]}},"taxonomy_info":{"product_cat":[{"value":76,"label":"Island Tours"}],"product_tag":[{"value":78,"label":"Island tour"},{"value":89,"label":"Saarikierros"},{"value":88,"label":"Vallisaari"}]},"featured_image_src_large":["https:\/\/yoohootours.fi\/wp-content\/uploads\/2021\/06\/VS-laiva-scaled-e1623215876625-768x1024.jpg",768,1024,true],"author_info":[],"comment_info":0,"_links":{"self":[{"href":"https:\/\/yoohootours.fi\/fi\/wp-json\/wp\/v2\/product\/13695","targetHints":{"allow":["GET"]}}],"collection":[{"href":"https:\/\/yoohootours.fi\/fi\/wp-json\/wp\/v2\/product"}],"about":[{"href":"https:\/\/yoohootours.fi\/fi\/wp-json\/wp\/v2\/types\/product"}],"replies":[{"embeddable":true,"href":"https:\/\/yoohootours.fi\/fi\/wp-json\/wp\/v2\/comments?post=13695"}],"wp:featuredmedia":[{"embeddable":true,"href":"https:\/\/yoohootours.fi\/fi\/wp-json\/wp\/v2\/media\/13696"}],"wp:attachment":[{"href":"https:\/\/yoohootours.fi\/fi\/wp-json\/wp\/v2\/media?parent=13695"}],"wp:term":[{"taxonomy":"product_brand","embeddable":true,"href":"https:\/\/yoohootours.fi\/fi\/wp-json\/wp\/v2\/product_brand?post=13695"},{"taxonomy":"product_cat","embeddable":true,"href":"https:\/\/yoohootours.fi\/fi\/wp-json\/wp\/v2\/product_cat?post=13695"},{"taxonomy":"product_tag","embeddable":true,"href":"https:\/\/yoohootours.fi\/fi\/wp-json\/wp\/v2\/product_tag?post=13695"}],"curies":[{"name":"wp","href":"https:\/\/api.w.org\/{rel}","templated":true}]}}