{"id":13731,"date":"2021-09-09T17:18:27","date_gmt":"2021-09-09T14:18:27","guid":{"rendered":"https:\/\/yoohootours.fi\/?post_type=product&#038;p=13731"},"modified":"2024-04-09T11:19:55","modified_gmt":"2024-04-09T08:19:55","slug":"syksyinen-saarikierros-salaperaisella-lonnalla","status":"publish","type":"product","link":"https:\/\/yoohootours.fi\/fi\/tuote\/syksyinen-saarikierros-salaperaisella-lonnalla\/","title":{"rendered":"Saarikierros salaper\u00e4isell\u00e4 Lonnalla"},"content":{"rendered":"","protected":false},"excerpt":{"rendered":"<p>Hypp\u00e4\u00e4 mukaan t\u00e4lle kierrokselle Lonnan kauniille ja salaper\u00e4iselle saarelle! Teemme saarella noin 45 minuutin k\u00e4velykierroksen, jonka aikana saaren historia osana Suomenlinnan linnoitusta ja my\u00f6hemmin armeijan miinasaarena avautuu. Vierailemme muuten suljetussa &#8220;komentokeskuksessa&#8221; ja luonnollisesti ihailemme Helsingin merellist\u00e4 maisemaa.<\/p>\n<p>Kierrokselle kokoontuminen joko Kauppatorilla Suomen Saaristokuljetus laiturin edess\u00e4, josta nousemme klo 13.45 l\u00e4htev\u00e4\u00e4n alukseen (liput voit ostaa suoraan <a href=\"https:\/\/www.suomensaaristokuljetus.fi\/etusivu\/\">liikenn\u00f6itsij\u00e4n verkkokaupasta<\/a>) tai jos olet jo Lonnassa tapaamme saaren yhteysaluslaiturilla klo 13.55. Kierroksen j\u00e4lkeen on mahdollista j\u00e4\u00e4d\u00e4 nauttimaan kauden viimeisest\u00e4 p\u00e4iv\u00e4st\u00e4 ihanaan Lonnaan ja sen palveluiden \u00e4\u00e4relle, tai vaihtoehtoisesti l\u00e4hte\u00e4 takaisin mantereelle klo 15.05 l\u00e4htev\u00e4ll\u00e4 aluksella.<\/p>\n<p>Kierroksen hinta on 15 euroa (ei sis\u00e4ll\u00e4 laivalippua) ja liput tulee varata etuk\u00e4teen verkkokaupastamme, minimi osallistujam\u00e4\u00e4r\u00e4 on 4 henkil\u00f6\u00e4.<\/p>\n<p>Tervetuloa tutustumaan Helsingin kauniiseen saaristoon!<\/p>","protected":false},"featured_media":13610,"comment_status":"open","ping_status":"closed","template":"","meta":{"_kad_blocks_custom_css":"","_kad_blocks_head_custom_js":"","_kad_blocks_body_custom_js":"","_kad_blocks_footer_custom_js":"","_kad_post_transparent":"","_kad_post_title":"","_kad_post_layout":"","_kad_post_sidebar_id":"","_kad_post_content_style":"","_kad_post_vertical_padding":"","_kad_post_feature":"","_kad_post_feature_position":"","_kad_post_header":false,"_kad_post_footer":false,"_kad_post_classname":""},"product_brand":[],"product_cat":[76],"product_tag":[],"class_list":{"0":"post-13731","1":"product","2":"type-product","3":"status-publish","4":"has-post-thumbnail","6":"product_cat-island-tours","8":"first","9":"outofstock","10":"taxable","11":"shipping-taxable","12":"purchasable","13":"product-type-variable","14":"entry","15":"content-bg","16":"loop-entry"},"yoast_head":"<!-- This site is optimized with the Yoast SEO plugin v27.4 - https:\/\/yoast.com\/product\/yoast-seo-wordpress\/ -->\n<title>Saarikierros salaper\u00e4isell\u00e4 Lonnalla | Yoo-hoo! Tours<\/title>\n<meta name=\"robots\" content=\"index, follow, max-snippet:-1, max-image-preview:large, max-video-preview:-1\" \/>\n<link rel=\"canonical\" href=\"https:\/\/yoohootours.fi\/fi\/tuote\/syksyinen-saarikierros-salaperaisella-lonnalla\/\" \/>\n<meta property=\"og:locale\" content=\"fi_FI\" \/>\n<meta property=\"og:type\" content=\"article\" \/>\n<meta property=\"og:title\" content=\"Saarikierros salaper\u00e4isell\u00e4 Lonnalla | Yoo-hoo! Tours\" \/>\n<meta property=\"og:description\" content=\"Hypp\u00e4\u00e4 mukaan t\u00e4lle kierrokselle Lonnan kauniille ja salaper\u00e4iselle saarelle! Teemme saarella noin 45 minuutin k\u00e4velykierroksen, jonka aikana saaren historia osana Suomenlinnan linnoitusta ja my\u00f6hemmin armeijan miinasaarena avautuu. Vierailemme muuten suljetussa &quot;komentokeskuksessa&quot; ja luonnollisesti ihailemme Helsingin merellist\u00e4 maisemaa.  Kierrokselle kokoontuminen joko Kauppatorilla Suomen Saaristokuljetus laiturin edess\u00e4, josta nousemme klo 13.45 l\u00e4htev\u00e4\u00e4n alukseen (liput voit ostaa suoraan liikenn\u00f6itsij\u00e4n verkkokaupasta) tai jos olet jo Lonnassa tapaamme saaren yhteysaluslaiturilla klo 13.55. Kierroksen j\u00e4lkeen on mahdollista j\u00e4\u00e4d\u00e4 nauttimaan kauden viimeisest\u00e4 p\u00e4iv\u00e4st\u00e4 ihanaan Lonnaan ja sen palveluiden \u00e4\u00e4relle, tai vaihtoehtoisesti l\u00e4hte\u00e4 takaisin mantereelle klo 15.05 l\u00e4htev\u00e4ll\u00e4 aluksella.  Kierroksen hinta on 15 euroa (ei sis\u00e4ll\u00e4 laivalippua) ja liput tulee varata etuk\u00e4teen verkkokaupastamme, minimi osallistujam\u00e4\u00e4r\u00e4 on 4 henkil\u00f6\u00e4.  Tervetuloa tutustumaan Helsingin kauniiseen saaristoon!\" \/>\n<meta property=\"og:url\" content=\"https:\/\/yoohootours.fi\/fi\/tuote\/syksyinen-saarikierros-salaperaisella-lonnalla\/\" \/>\n<meta property=\"og:site_name\" content=\"Yoo-hoo! Tours\" \/>\n<meta property=\"article:modified_time\" content=\"2024-04-09T08:19:55+00:00\" \/>\n<meta property=\"og:image\" content=\"https:\/\/yoohootours.fi\/wp-content\/uploads\/2021\/04\/Lonna7.jpg\" \/>\n\t<meta property=\"og:image:width\" content=\"960\" \/>\n\t<meta property=\"og:image:height\" content=\"1280\" \/>\n\t<meta property=\"og:image:type\" content=\"image\/jpeg\" \/>\n<meta name=\"twitter:card\" content=\"summary_large_image\" \/>\n<script type=\"application\/ld+json\" class=\"yoast-schema-graph\">{\"@context\":\"https:\\\/\\\/schema.org\",\"@graph\":[{\"@type\":\"WebPage\",\"@id\":\"https:\\\/\\\/yoohootours.fi\\\/product\\\/syksyinen-saarikierros-salaperaisella-lonnalla\\\/\",\"url\":\"https:\\\/\\\/yoohootours.fi\\\/product\\\/syksyinen-saarikierros-salaperaisella-lonnalla\\\/\",\"name\":\"Saarikierros salaper\u00e4isell\u00e4 Lonnalla | Yoo-hoo! Tours\",\"isPartOf\":{\"@id\":\"https:\\\/\\\/yoohootours.fi\\\/#website\"},\"primaryImageOfPage\":{\"@id\":\"https:\\\/\\\/yoohootours.fi\\\/product\\\/syksyinen-saarikierros-salaperaisella-lonnalla\\\/#primaryimage\"},\"image\":{\"@id\":\"https:\\\/\\\/yoohootours.fi\\\/product\\\/syksyinen-saarikierros-salaperaisella-lonnalla\\\/#primaryimage\"},\"thumbnailUrl\":\"https:\\\/\\\/yoohootours.fi\\\/wp-content\\\/uploads\\\/2021\\\/04\\\/Lonna7.jpg\",\"datePublished\":\"2021-09-09T14:18:27+00:00\",\"dateModified\":\"2024-04-09T08:19:55+00:00\",\"breadcrumb\":{\"@id\":\"https:\\\/\\\/yoohootours.fi\\\/product\\\/syksyinen-saarikierros-salaperaisella-lonnalla\\\/#breadcrumb\"},\"inLanguage\":\"fi\",\"potentialAction\":[{\"@type\":\"ReadAction\",\"target\":[\"https:\\\/\\\/yoohootours.fi\\\/product\\\/syksyinen-saarikierros-salaperaisella-lonnalla\\\/\"]}]},{\"@type\":\"ImageObject\",\"inLanguage\":\"fi\",\"@id\":\"https:\\\/\\\/yoohootours.fi\\\/product\\\/syksyinen-saarikierros-salaperaisella-lonnalla\\\/#primaryimage\",\"url\":\"https:\\\/\\\/yoohootours.fi\\\/wp-content\\\/uploads\\\/2021\\\/04\\\/Lonna7.jpg\",\"contentUrl\":\"https:\\\/\\\/yoohootours.fi\\\/wp-content\\\/uploads\\\/2021\\\/04\\\/Lonna7.jpg\",\"width\":960,\"height\":1280,\"caption\":\"Lonna\"},{\"@type\":\"BreadcrumbList\",\"@id\":\"https:\\\/\\\/yoohootours.fi\\\/product\\\/syksyinen-saarikierros-salaperaisella-lonnalla\\\/#breadcrumb\",\"itemListElement\":[{\"@type\":\"ListItem\",\"position\":1,\"name\":\"Home\",\"item\":\"https:\\\/\\\/yoohootours.fi\\\/\"},{\"@type\":\"ListItem\",\"position\":2,\"name\":\"Shop\",\"item\":\"https:\\\/\\\/yoohootours.fi\\\/shop\\\/\"},{\"@type\":\"ListItem\",\"position\":3,\"name\":\"Saarikierros salaper\u00e4isell\u00e4 Lonnalla\"}]},{\"@type\":\"WebSite\",\"@id\":\"https:\\\/\\\/yoohootours.fi\\\/#website\",\"url\":\"https:\\\/\\\/yoohootours.fi\\\/\",\"name\":\"Yoo-hoo! Tours\",\"description\":\"Guided tours in Helsinki Private Tours in Helsinki\",\"publisher\":{\"@id\":\"https:\\\/\\\/yoohootours.fi\\\/#organization\"},\"potentialAction\":[{\"@type\":\"SearchAction\",\"target\":{\"@type\":\"EntryPoint\",\"urlTemplate\":\"https:\\\/\\\/yoohootours.fi\\\/?s={search_term_string}\"},\"query-input\":{\"@type\":\"PropertyValueSpecification\",\"valueRequired\":true,\"valueName\":\"search_term_string\"}}],\"inLanguage\":\"fi\"},{\"@type\":\"Organization\",\"@id\":\"https:\\\/\\\/yoohootours.fi\\\/#organization\",\"name\":\"Yoo-hoo! Tours\",\"url\":\"https:\\\/\\\/yoohootours.fi\\\/\",\"logo\":{\"@type\":\"ImageObject\",\"inLanguage\":\"fi\",\"@id\":\"https:\\\/\\\/yoohootours.fi\\\/#\\\/schema\\\/logo\\\/image\\\/\",\"url\":\"https:\\\/\\\/yoohootours.fi\\\/wp-content\\\/uploads\\\/2020\\\/01\\\/yoohootours.png\",\"contentUrl\":\"https:\\\/\\\/yoohootours.fi\\\/wp-content\\\/uploads\\\/2020\\\/01\\\/yoohootours.png\",\"width\":662,\"height\":432,\"caption\":\"Yoo-hoo! Tours\"},\"image\":{\"@id\":\"https:\\\/\\\/yoohootours.fi\\\/#\\\/schema\\\/logo\\\/image\\\/\"}}]}<\/script>\n<!-- \/ Yoast SEO plugin. -->","yoast_head_json":{"title":"Saarikierros salaper\u00e4isell\u00e4 Lonnalla | Yoo-hoo! Tours","robots":{"index":"index","follow":"follow","max-snippet":"max-snippet:-1","max-image-preview":"max-image-preview:large","max-video-preview":"max-video-preview:-1"},"canonical":"https:\/\/yoohootours.fi\/fi\/tuote\/syksyinen-saarikierros-salaperaisella-lonnalla\/","og_locale":"fi_FI","og_type":"article","og_title":"Saarikierros salaper\u00e4isell\u00e4 Lonnalla | Yoo-hoo! Tours","og_description":"Hypp\u00e4\u00e4 mukaan t\u00e4lle kierrokselle Lonnan kauniille ja salaper\u00e4iselle saarelle! Teemme saarella noin 45 minuutin k\u00e4velykierroksen, jonka aikana saaren historia osana Suomenlinnan linnoitusta ja my\u00f6hemmin armeijan miinasaarena avautuu. Vierailemme muuten suljetussa \"komentokeskuksessa\" ja luonnollisesti ihailemme Helsingin merellist\u00e4 maisemaa.  Kierrokselle kokoontuminen joko Kauppatorilla Suomen Saaristokuljetus laiturin edess\u00e4, josta nousemme klo 13.45 l\u00e4htev\u00e4\u00e4n alukseen (liput voit ostaa suoraan liikenn\u00f6itsij\u00e4n verkkokaupasta) tai jos olet jo Lonnassa tapaamme saaren yhteysaluslaiturilla klo 13.55. Kierroksen j\u00e4lkeen on mahdollista j\u00e4\u00e4d\u00e4 nauttimaan kauden viimeisest\u00e4 p\u00e4iv\u00e4st\u00e4 ihanaan Lonnaan ja sen palveluiden \u00e4\u00e4relle, tai vaihtoehtoisesti l\u00e4hte\u00e4 takaisin mantereelle klo 15.05 l\u00e4htev\u00e4ll\u00e4 aluksella.  Kierroksen hinta on 15 euroa (ei sis\u00e4ll\u00e4 laivalippua) ja liput tulee varata etuk\u00e4teen verkkokaupastamme, minimi osallistujam\u00e4\u00e4r\u00e4 on 4 henkil\u00f6\u00e4.  Tervetuloa tutustumaan Helsingin kauniiseen saaristoon!","og_url":"https:\/\/yoohootours.fi\/fi\/tuote\/syksyinen-saarikierros-salaperaisella-lonnalla\/","og_site_name":"Yoo-hoo! Tours","article_modified_time":"2024-04-09T08:19:55+00:00","og_image":[{"width":960,"height":1280,"url":"https:\/\/yoohootours.fi\/wp-content\/uploads\/2021\/04\/Lonna7.jpg","type":"image\/jpeg"}],"twitter_card":"summary_large_image","schema":{"@context":"https:\/\/schema.org","@graph":[{"@type":"WebPage","@id":"https:\/\/yoohootours.fi\/product\/syksyinen-saarikierros-salaperaisella-lonnalla\/","url":"https:\/\/yoohootours.fi\/product\/syksyinen-saarikierros-salaperaisella-lonnalla\/","name":"Saarikierros salaper\u00e4isell\u00e4 Lonnalla | Yoo-hoo! Tours","isPartOf":{"@id":"https:\/\/yoohootours.fi\/#website"},"primaryImageOfPage":{"@id":"https:\/\/yoohootours.fi\/product\/syksyinen-saarikierros-salaperaisella-lonnalla\/#primaryimage"},"image":{"@id":"https:\/\/yoohootours.fi\/product\/syksyinen-saarikierros-salaperaisella-lonnalla\/#primaryimage"},"thumbnailUrl":"https:\/\/yoohootours.fi\/wp-content\/uploads\/2021\/04\/Lonna7.jpg","datePublished":"2021-09-09T14:18:27+00:00","dateModified":"2024-04-09T08:19:55+00:00","breadcrumb":{"@id":"https:\/\/yoohootours.fi\/product\/syksyinen-saarikierros-salaperaisella-lonnalla\/#breadcrumb"},"inLanguage":"fi","potentialAction":[{"@type":"ReadAction","target":["https:\/\/yoohootours.fi\/product\/syksyinen-saarikierros-salaperaisella-lonnalla\/"]}]},{"@type":"ImageObject","inLanguage":"fi","@id":"https:\/\/yoohootours.fi\/product\/syksyinen-saarikierros-salaperaisella-lonnalla\/#primaryimage","url":"https:\/\/yoohootours.fi\/wp-content\/uploads\/2021\/04\/Lonna7.jpg","contentUrl":"https:\/\/yoohootours.fi\/wp-content\/uploads\/2021\/04\/Lonna7.jpg","width":960,"height":1280,"caption":"Lonna"},{"@type":"BreadcrumbList","@id":"https:\/\/yoohootours.fi\/product\/syksyinen-saarikierros-salaperaisella-lonnalla\/#breadcrumb","itemListElement":[{"@type":"ListItem","position":1,"name":"Home","item":"https:\/\/yoohootours.fi\/"},{"@type":"ListItem","position":2,"name":"Shop","item":"https:\/\/yoohootours.fi\/shop\/"},{"@type":"ListItem","position":3,"name":"Saarikierros salaper\u00e4isell\u00e4 Lonnalla"}]},{"@type":"WebSite","@id":"https:\/\/yoohootours.fi\/#website","url":"https:\/\/yoohootours.fi\/","name":"Yoo-hoo! Tours","description":"Guided tours in Helsinki Private Tours in Helsinki","publisher":{"@id":"https:\/\/yoohootours.fi\/#organization"},"potentialAction":[{"@type":"SearchAction","target":{"@type":"EntryPoint","urlTemplate":"https:\/\/yoohootours.fi\/?s={search_term_string}"},"query-input":{"@type":"PropertyValueSpecification","valueRequired":true,"valueName":"search_term_string"}}],"inLanguage":"fi"},{"@type":"Organization","@id":"https:\/\/yoohootours.fi\/#organization","name":"Yoo-hoo! Tours","url":"https:\/\/yoohootours.fi\/","logo":{"@type":"ImageObject","inLanguage":"fi","@id":"https:\/\/yoohootours.fi\/#\/schema\/logo\/image\/","url":"https:\/\/yoohootours.fi\/wp-content\/uploads\/2020\/01\/yoohootours.png","contentUrl":"https:\/\/yoohootours.fi\/wp-content\/uploads\/2020\/01\/yoohootours.png","width":662,"height":432,"caption":"Yoo-hoo! Tours"},"image":{"@id":"https:\/\/yoohootours.fi\/#\/schema\/logo\/image\/"}}]}},"taxonomy_info":{"product_cat":[{"value":76,"label":"Island Tours"}]},"featured_image_src_large":["https:\/\/yoohootours.fi\/wp-content\/uploads\/2021\/04\/Lonna7-960x1280.jpg",768,1024,true],"author_info":[],"comment_info":1,"_links":{"self":[{"href":"https:\/\/yoohootours.fi\/fi\/wp-json\/wp\/v2\/product\/13731","targetHints":{"allow":["GET"]}}],"collection":[{"href":"https:\/\/yoohootours.fi\/fi\/wp-json\/wp\/v2\/product"}],"about":[{"href":"https:\/\/yoohootours.fi\/fi\/wp-json\/wp\/v2\/types\/product"}],"replies":[{"embeddable":true,"href":"https:\/\/yoohootours.fi\/fi\/wp-json\/wp\/v2\/comments?post=13731"}],"wp:featuredmedia":[{"embeddable":true,"href":"https:\/\/yoohootours.fi\/fi\/wp-json\/wp\/v2\/media\/13610"}],"wp:attachment":[{"href":"https:\/\/yoohootours.fi\/fi\/wp-json\/wp\/v2\/media?parent=13731"}],"wp:term":[{"taxonomy":"product_brand","embeddable":true,"href":"https:\/\/yoohootours.fi\/fi\/wp-json\/wp\/v2\/product_brand?post=13731"},{"taxonomy":"product_cat","embeddable":true,"href":"https:\/\/yoohootours.fi\/fi\/wp-json\/wp\/v2\/product_cat?post=13731"},{"taxonomy":"product_tag","embeddable":true,"href":"https:\/\/yoohootours.fi\/fi\/wp-json\/wp\/v2\/product_tag?post=13731"}],"curies":[{"name":"wp","href":"https:\/\/api.w.org\/{rel}","templated":true}]}}